{"id":921,"date":"2022-01-01T00:00:37","date_gmt":"2022-01-01T03:00:37","guid":{"rendered":"https:\/\/nexergroup.com\/pt\/?page_id=921"},"modified":"2026-01-05T18:41:15","modified_gmt":"2026-01-05T18:41:15","slug":"servicos-profissionais","status":"publish","type":"page","link":"https:\/\/nexergroup.com\/pt\/industrias\/servicos-profissionais\/","title":{"rendered":"Servi\u00e7os Profissionais"},"content":{"rendered":"\n\n<div class=\"nexer-services-hero nexer-services-hero__theme-black has-media   wp-block-nexer-blocks-services-hero\">\n\t\t\t\t\t\t<div\n\t\t\t\tclass=\"nexer-services-hero-bg nexer-services-hero-bg-image lazy-loading\"\n\t\t\t\tstyle=\"background-image: url('https:\/\/nexergroup.com\/pt\/wp-content\/uploads\/sites\/18\/2023\/11\/Professional-services-1.png'); background-position: 50% 50%;\"\n\t\t\t\t$bg_image_dataset data-lazyloading-no-opacity=\"true\"\n\t\t\t>\n\t\t\t<\/div>\n\t\t\t\t<div class=\"nexer-services-hero-content gradient\">\n\t\t<div class=\"nexer-gp-1 row g-0\">\n\t\t\t<div class=\"col-md-19 offset-xl-1 offset-xxxl-2 col-xxxl-16\">\n\t\t\t\t<h1 class=\"nexer-services-hero-title  \">SERVI\u00c7OS PROFISSIONAIS<\/h1>\n\t\t\t\t\t\t\t<\/div>\n\t\t<\/div>\n\t<\/div>\n\t<\/div>\n\n\n\n<div class=\"nexer-preamble nexer-gp-1\n            has-title nexer-preamble__theme-black            \">\n    <div class=\"row g-0 {$alignment_class}\">\n                    <h2 class=\"nexer-preamble-title offset-xl-1 offset-xxxl-2 col-lg-20 col-xl-19 col-xxl-17 col-xxxl-15 \">\n            <br><strong>SISTEMAS PARA A GEST\u00c3O DE SERVI\u00c7OS PROFISSIONAIS<\/strong>            <\/h2>\n                <div class=\"nexer-preamble-content columns-1                    offset-xl-1 offset-xxxl-2 col-lg-20 col-xl-19 col-xxl-17 col-xxxl-15\n                    nexer-preamble-content__text-18 1        \">\n            <p>Aumente a rentabilidade do seu neg\u00f3cio, ofere\u00e7a um servi\u00e7o de atendimento ao cliente diferenciado e gestione de forma eficaz os aspetos de capital financeiro, humano e intelectual da sua organiza\u00e7\u00e3o.<\/p>\n        <\/div>\n    <\/div>\n<\/div>\n\n\n\n\n    <div class=\"nexer-breadcrumb nexer-gp-1 nexer-breadcrumb__margin-top   \">\n        <div class=\"nexer-breadcrumb__wrapper\">\n            <div class=\"nexer-breadcrumb__level\"><a href=\"https:\/\/nexergroup.com\/pt\/\">Start<\/a><span>\/<\/span><\/div>\n                                        <div class=\"nexer-breadcrumb__level nexer-breadcrumb__level-last\"><a href=\"https:\/\/nexergroup.com\/pt\/industrias\/\">SETORES<\/a><span>\/<\/span><\/div>\n                                <a href=\"https:\/\/nexergroup.com\/pt\/industrias\/servicos-profissionais\/\" class=\"nexer-breadcrumb__level\">Servi\u00e7os Profissionais<\/a>\n        <\/div>\n        <div class=\"nexer-popover nexer-breadcrumb__popover\">\n                    <\/div>\n    <\/div>\n\n\n\n    <div class=\"nexer-service-media-text nexer-gp-1 nexer-service-media-text__theme-white nexer-service-media-text-media-right\">\n        <div class=\"nexer-service-media-text-content row g-0 \">\n            <div class=\"col-24 col-lg-12 col-xl-11 col-xxxl-10 offset-lg-1 offset-xl-2 \" >\n                <span role=\"img\" aria-label=\"MAXIMIZE A PRODUTIVIDADE DA SUA EMPRESA COM O SUPORTE TECNOL\u00d3GICO DA NEXER EA\" class=\"nexer-service-media-text-img lazy-loading \" data-src-phone=\"https:\/\/nexergroup.com\/pt\/wp-content\/uploads\/sites\/18\/2023\/11\/empresaria-criativa-sorridente-passando-pela-papelada-e-conversando-com-sua-colega-no-escritorioResultado-1-540x360.png\" data-src-tablet=\"https:\/\/nexergroup.com\/pt\/wp-content\/uploads\/sites\/18\/2023\/11\/empresaria-criativa-sorridente-passando-pela-papelada-e-conversando-com-sua-colega-no-escritorioResultado-1-768x512.png\" data-src-desktop=\"https:\/\/nexergroup.com\/pt\/wp-content\/uploads\/sites\/18\/2023\/11\/empresaria-criativa-sorridente-passando-pela-papelada-e-conversando-com-sua-colega-no-escritorioResultado-1-768x512.png\" data-src-full=\"https:\/\/nexergroup.com\/pt\/wp-content\/uploads\/sites\/18\/2023\/11\/empresaria-criativa-sorridente-passando-pela-papelada-e-conversando-com-sua-colega-no-escritorioResultado-1.png\"  style=\"background-position: 50% 50%;\">\n\t\t\t\t\t<img class=\"lazy-loading\" data-src-phone=\"https:\/\/nexergroup.com\/pt\/wp-content\/uploads\/sites\/18\/2023\/11\/empresaria-criativa-sorridente-passando-pela-papelada-e-conversando-com-sua-colega-no-escritorioResultado-1-540x360.png\" data-src-tablet=\"https:\/\/nexergroup.com\/pt\/wp-content\/uploads\/sites\/18\/2023\/11\/empresaria-criativa-sorridente-passando-pela-papelada-e-conversando-com-sua-colega-no-escritorioResultado-1-768x512.png\" data-src-desktop=\"https:\/\/nexergroup.com\/pt\/wp-content\/uploads\/sites\/18\/2023\/11\/empresaria-criativa-sorridente-passando-pela-papelada-e-conversando-com-sua-colega-no-escritorioResultado-1-768x512.png\" data-src-full=\"https:\/\/nexergroup.com\/pt\/wp-content\/uploads\/sites\/18\/2023\/11\/empresaria-criativa-sorridente-passando-pela-papelada-e-conversando-com-sua-colega-no-escritorioResultado-1.png\"  width=\"1000\" height=\"667\" aria-hidden=\"true\" alt=\"MAXIMIZE A PRODUTIVIDADE DA SUA EMPRESA COM O SUPORTE TECNOL\u00d3GICO DA NEXER EA\"\/>\n\t\t\t\t<\/span>            <\/div>\n            <div class=\"col-24 col-lg-11 col-xl-10 col-xxxl-10 d-flex offset-xl-1 offset-xxxl-2\">\n                <div class=\"nexer-service-media-text__wrapper\">\n                    <h2 class=\"nexer-service-media-text__title nexer-hyphens\">MAXIMIZE A PRODUTIVIDADE DA SUA EMPRESA COM O SUPORTE TECNOL\u00d3GICO DA NEXER EA<\/h2>\n                    <div class=\"nexer-service-media-text__cta-wrapper\">\n                        <p class=\"nexer-service-media-text__body-text \">Muitos profissionais est\u00e3o atualmente a embarcar na jornada do empreendedorismo, iniciando os seus pr\u00f3prios neg\u00f3cios. No entanto, muitas vezes estes empreendedores n\u00e3o est\u00e3o preparados para enfrentar os desafios que as empresas encontram, tais como a gest\u00e3o dos tempos de entrega de produtos\/servi\u00e7os, o controlo dos custos de produ\u00e7\u00e3o, a organiza\u00e7\u00e3o e gest\u00e3o da empresa, a supervis\u00e3o dos colaboradores e a manuten\u00e7\u00e3o de uma comunica\u00e7\u00e3o eficaz com as equipas internas e os clientes.<br><br>Para minimizar custos e maximizar a efici\u00eancia, que s\u00e3o cruciais durante as fases iniciais de qualquer neg\u00f3cio, \u00e9 importante que os empreendedores procurem solu\u00e7\u00f5es tecnol\u00f3gicas que apoiem o seu processo de crescimento e ofere\u00e7am uma excelente rela\u00e7\u00e3o custo-benef\u00edcio.<br><br>Com este mercado de empreendedores em mente, que prestam servi\u00e7os e produtos profissionais adaptados \u00e0 procura dos clientes, a Nexer desenvolveu uma solu\u00e7\u00e3o personalizada baseada na tecnologia Microsoft Dynamics 365.<br><br>Esta solu\u00e7\u00e3o visa apoiar na gest\u00e3o de projetos e neg\u00f3cios, aumentar a produtividade dos colaboradores, melhorar a capacidade de entrega de produtos e servi\u00e7os, controlar custos e otimizar a comunica\u00e7\u00e3o com os clientes.<br><\/p>\n                                                                                            <\/div>\n                <\/div>\n            <\/div>\n        <\/div>\n    <\/div>\n\n\n\n\t<div class=\"nexer-headline nexer-gp-1 nexer-headline__theme-black has-pretitle nexer-headline__title-alignment__left\">\n\t\t<div class='nexer-headline-pretitle offset-xl-1 col-xl-20 col-xxl-18 offset-xxxl-2 col-xxxl-20'><br>Conhe\u00e7a as<\/div>\t\t<h2 class=\"nexer-headline-title offset-xl-1 col-xl-20 col-xxl-18 offset-xxxl-2 col-xxxl-20 nexer-hyphens\">Possibilidades<\/h2>\n\t<\/div>\n\n\n\n\n\n\n\n\n\n<div class=\"nexer-promos nexer-gp-1 nexer-promos__theme-black has-two-items\">\n\t\n\n<div class=\"nexer-promo   \">\n\t<h2 class=\"nexer-hyphens nexer-promo-title\">INTEGRAR SISTEMAS DE GEST\u00c3O<\/h2>\n\t<p class=\"\">Integre dados de diferentes sistemas e otimize projetos e processos de neg\u00f3cio. Aumente a efici\u00eancia e produtividade dos colaboradores, melhore os processos financeiros e aproveite a integra\u00e7\u00e3o com outras solu\u00e7\u00f5es da Microsoft, como o Dynamics ERP, o Word e o Excel.<\/p> \t<\/div>\n\n\n\n<div class=\"nexer-promo   \">\n\t<h2 class=\"nexer-hyphens nexer-promo-title\">CONTROLE OS SEUS PROCESSOS<\/h2>\n\t<p class=\"\">Garanta que as equipas de trabalho respeitem as pol\u00edticas corporativas e que os seus processos estejam em conformidade com as melhores pr\u00e1ticas da ind\u00fastria, os padr\u00f5es de qualidade do cliente e as regulamenta\u00e7\u00f5es governamentais.<\/p> \t<\/div>\n\n\n\n<div class=\"nexer-promo   \">\n\t<h2 class=\"nexer-hyphens nexer-promo-title\">GERENCIE MELHOR O TEMPO E O ESFOR\u00c7O DA SUA EQUIPA<\/h2>\n\t<p class=\"\">Alcance os objetivos da sua empresa oferecendo um ambiente de trabalho tecnol\u00f3gico integrado e colaborativo. Centralize o acesso e a comunica\u00e7\u00e3o da sua equipa atrav\u00e9s de uma interface web-based f\u00e1cil de usar. Gestores e membros da equipa podem acompanhar as altera\u00e7\u00f5es a projectos, documentos e tarefas usando um painel personalizado, alertas de e-mail e relat\u00f3rios abrangentes.<\/p> \t<\/div>\n\n\n\n<div class=\"nexer-promo   \">\n\t<h2 class=\"nexer-hyphens nexer-promo-title\">ACESSO F\u00c1CIL A DADOS CR\u00cdTICOS DE NEG\u00d3CIO<\/h2>\n\t<p class=\"\">Recolha e analise informa\u00e7\u00f5es de clientes e projetos para obter insights de neg\u00f3cios valiosos e gerir o seu neg\u00f3cio de forma mais eficaz. Acompanhe os detalhes em tempo real sobre os seus clientes, contratos e projetos, otimizando custos e recursos.<\/p> \t<\/div>\n\n<\/div>\n\n\n\t<div class=\"nexer-headline nexer-gp-1 nexer-headline__theme-white has-pretitle nexer-headline__title-alignment__left\">\n\t\t<div class='nexer-headline-pretitle offset-xl-1 col-xl-20 col-xxl-18 offset-xxxl-2 col-xxxl-20'><br>Conhe\u00e7a alguns<\/div>\t\t<h2 class=\"nexer-headline-title offset-xl-1 col-xl-20 col-xxl-18 offset-xxxl-2 col-xxxl-20 nexer-hyphens\">Recursos<\/h2>\n\t<\/div>\n\n\n\n\n\n\n\n\n\n<div class=\"nexer-promos nexer-gp-1  has-two-items\">\n\t\n\n<div class=\"nexer-promo   \">\n\t<h2 class=\"nexer-hyphens nexer-promo-title\">FUNCIONALIDADES FLEX\u00cdVEIS DE GEST\u00c3O DE PROJETOS<\/h2>\n\t<p class=\"\">\u25cb Configurar WBS (estruturas de decomposi\u00e7\u00e3o do trabalho) a n\u00edvel de empresa, cliente, produto e projeto;<br><br>\u25cb Definir tabelas de matriz para custos e honor\u00e1rios e estabelecer regras de fatura\u00e7\u00e3o.<\/p> \t<\/div>\n\n\n\n<div class=\"nexer-promo   \">\n\t<h2 class=\"nexer-hyphens nexer-promo-title\">GEST\u00c3O DE CAPITAL INTELECTUAL E DOCUMENTAL<\/h2>\n\t<p class=\"\">\u25cb Proporcione aos membros da equipa acesso ao capital intelectual e a informa\u00e7\u00f5es consolidadas de projetos atrav\u00e9s do Microsoft Windows SharePoint Services.<\/p> \t<\/div>\n\n\n\n<div class=\"nexer-promo   \">\n\t<h2 class=\"nexer-hyphens nexer-promo-title\">AN\u00c1LISE DE CUSTOS E PROJETOS<\/h2>\n\t<p class=\"\">\u25cb Informa\u00e7\u00f5es cr\u00edticas permitem gerir projetos e recursos de forma mais eficaz.<\/p> \t<\/div>\n\n\n\n<div class=\"nexer-promo   \">\n\t<h2 class=\"nexer-hyphens nexer-promo-title\">SUPORTE PARA M\u00daLTIPLAS EMPRESAS E MOEDAS<\/h2>\n\t<p class=\"\">\u25cb Utilize regras para integrar v\u00e1rios departamentos, escrit\u00f3rios e empresas numa \u00fanica base de dados.<br><br>\u25cb Opere de forma integrada em todos os pa\u00edses, idiomas e moedas, e acompanhe as transa\u00e7\u00f5es financeiras em toda a sua empresa.<\/p> \t<\/div>\n\n\n\n<div class=\"nexer-promo   \">\n\t<h2 class=\"nexer-hyphens nexer-promo-title\">PASTAS E MODELOS DE PERFIL DE CLIENTE<\/h2>\n\t<p class=\"\">\u25cb As pastas de clientes e projetos permitem arquivar e recuperar planos, estimativas e reconcilia\u00e7\u00f5es or\u00e7amentais.<\/p> \t<\/div>\n\n\n\n<div class=\"nexer-promo   \">\n\t<h2 class=\"nexer-hyphens nexer-promo-title\">INTEGRA\u00c7\u00c3O BIDIRECIONAL COM O MICROSOFT OFFICE PROJECT SERVER<\/h2>\n\t<p class=\"\">\u25cb A integra\u00e7\u00e3o bidirecional completa com o Microsoft Office Project Server pode melhorar a facilidade de utiliza\u00e7\u00e3o e a colabora\u00e7\u00e3o entre equipas.<br><br>\u25cb Ferramentas de agendamento e acompanhamento poderosas ajudam-no a gerir a aloca\u00e7\u00e3o de recursos.<\/p> \t<\/div>\n\n\n\n<div class=\"nexer-promo   \">\n\t<h2 class=\"nexer-hyphens nexer-promo-title\">ENTRADA DE TEMPO E DESPESAS BASIADA NA WEB, COM FLUXO DE TRABALHO ATIVADO<\/h2>\n\t<p class=\"\">\u25cb Automatize os processos de aprova\u00e7\u00e3o de documentos e itens de linha e simplifique os processos de trabalho.<br><br>\u25cb Utilize alertas para monitorizar horas excessivas de subcontratados e compare custos estimados com os reais.<\/p> \t<\/div>\n\n\n\n<div class=\"nexer-promo nexer-promo__theme-white  has-list\">\n\t<h2 class=\"nexer-hyphens nexer-promo-title\"><strong>&#160;<\/strong><\/h2>\n\t\t<ul class=\"nexer-custom-list no-icon nexer-custom-list__theme-black\">\n\t\t\n\t<\/ul>\t<\/div>\n\n<\/div>\n\n\n<div id=\"anchor-scroll-item-id-form\" class=\"nexer-anchor__scroll-item\">\n<\/div>\n\n\n\n\n\n\n<div class=\"nexer-contact-form   \" id=\"nexer-contact-form\" data-lang=\"\">\n    <div class=\"row g-0\">\n        <div class=\"col-22 offset-1 col-md-20 col-md-18 col-xl-9 offset-xl-1 offset-xxl-1 offset-md-2 offset-lg-3\">\n            <h2 class=\"nexer-contact-form__title nexer-hyphens\">QUEREMOS FALAR?<\/h2>\n            <p class=\"nexer-contact-form__body-text \">Fale com a nossa equipa de especialistas e leve a integra\u00e7\u00e3o tecnol\u00f3gica \u00e0 sua empresa!<\/p>\n                <div class=\"nexer-contact-form-arrow\">\n        <svg width=\"126\" height=\"82\" viewBox=\"0 0 126 82\" fill=\"none\" xmlns=\"http:\/\/www.w3.org\/2000\/svg\">\n            <g clip-path=\"url(#clip0)\">\n                <path d=\"M125.25 31.2728V51.584L80.2917 81.7005V73.2959L122.483 44.9303H0.75V37.9265H122.483L80.2917 9.56087V1.15625L125.25 31.2728Z\"\n                        fill=\"#18126A\"\/>\n            <\/g>\n            <defs>\n                <clipPath id=\"clip0\">\n                    <rect width=\"126\" height=\"81.0084\" fill=\"white\" transform=\"translate(0 0.925781)\"\/>\n                <\/clipPath>\n            <\/defs>\n        <\/svg>\n    <\/div>\n        <\/div>\n        <div class=\"col-22 offset-1 col-md-20 col-lg-18 col-xl-11 col-xxl-11 offset-xl-1 offset-md-2 offset-lg-3\">\n            <div class=\"nexer-hubspot-form-wrapper nexer-form-contactform7\">\n                \n\n<div class=\"wp-block-contact-form-7-contact-form-selector\">\n<div class=\"wpcf7 no-js\" id=\"wpcf7-f1158-o1\" lang=\"pt-BR\" dir=\"ltr\" data-wpcf7-id=\"1158\">\n<div class=\"screen-reader-response\"><p role=\"status\" aria-live=\"polite\" aria-atomic=\"true\"><\/p> <ul><\/ul><\/div>\n<form action=\"\/pt\/wp-json\/wp\/v2\/pages\/921#wpcf7-f1158-o1\" method=\"post\" class=\"wpcf7-form init\" aria-label=\"Contact form\" novalidate=\"novalidate\" data-status=\"init\">\n<fieldset class=\"hidden-fields-container\"><input type=\"hidden\" name=\"_wpcf7\" value=\"1158\" \/><input type=\"hidden\" name=\"_wpcf7_version\" value=\"6.1.5\" \/><input type=\"hidden\" name=\"_wpcf7_locale\" value=\"pt_BR\" \/><input type=\"hidden\" name=\"_wpcf7_unit_tag\" value=\"wpcf7-f1158-o1\" \/><input type=\"hidden\" name=\"_wpcf7_container_post\" value=\"0\" \/><input type=\"hidden\" name=\"_wpcf7_posted_data_hash\" value=\"\" \/><input type=\"hidden\" name=\"_wpcf7_recaptcha_response\" value=\"\" \/>\n<\/fieldset>\n<p><label>Nome\n\t\t<font style=\"color:#C00\">*\n\t\t<\/font><br \/>\n<span class=\"wpcf7-form-control-wrap\" data-name=\"nome\"><input size=\"40\" maxlength=\"400\" class=\"wpcf7-form-control wpcf7-text wpcf7-validates-as-required\" aria-required=\"true\" aria-invalid=\"false\" value=\"\" type=\"text\" name=\"nome\" \/><\/span><\/label>\n<\/p>\n<p><label>Sobrenome\n\t\t<font>*\n\t\t<\/font><br \/>\n<span class=\"wpcf7-form-control-wrap\" data-name=\"lastname\"><input size=\"40\" maxlength=\"400\" class=\"wpcf7-form-control wpcf7-text wpcf7-validates-as-required\" aria-required=\"true\" aria-invalid=\"false\" value=\"\" type=\"text\" name=\"lastname\" \/><\/span><\/label>\n<\/p>\n<p><label>E-mail\n\t\t<font style=\"color:#C00\">*\n\t\t<\/font><br \/>\n<span class=\"wpcf7-form-control-wrap\" data-name=\"email\"><input size=\"40\" maxlength=\"400\" class=\"wpcf7-form-control wpcf7-email wpcf7-validates-as-required wpcf7-text wpcf7-validates-as-email\" aria-required=\"true\" aria-invalid=\"false\" value=\"\" type=\"email\" name=\"email\" \/><\/span><\/label>\n<\/p>\n<p><label>Telefone<br \/>\n<span class=\"wpcf7-form-control-wrap\" data-name=\"telefone\"><input size=\"40\" maxlength=\"400\" class=\"wpcf7-form-control wpcf7-tel wpcf7-text wpcf7-validates-as-tel\" aria-invalid=\"false\" value=\"\" type=\"tel\" name=\"telefone\" \/><\/span><\/label>\n<\/p>\n<p><label>Empresa\n\t\t<font style=\"color:#C00\">*\n\t\t<\/font><br \/>\n<span class=\"wpcf7-form-control-wrap\" data-name=\"empresa\"><input size=\"40\" maxlength=\"400\" class=\"wpcf7-form-control wpcf7-text wpcf7-validates-as-required\" aria-required=\"true\" aria-invalid=\"false\" value=\"\" type=\"text\" name=\"empresa\" \/><\/span><\/label>\n<\/p>\n<input class=\"wpcf7-form-control wpcf7-hidden\" value=\"Servi\u00e7os Profissionais\" type=\"hidden\" name=\"pagina\" \/>\n<p><input class=\"wpcf7-form-control wpcf7-submit has-spinner\" type=\"submit\" value=\"Enviar\" \/>\n<\/p><div class=\"wpcf7-response-output\" aria-hidden=\"true\"><\/div>\n<\/form>\n<\/div>\n<\/div>\n\n\n                <div class=\"nexer-hubspot-form-actions row\">\n    <div class=\"col-md-11\">\n        <label class=\"checkbox\">\n            <span class=\"checkbox__input\">\n                <input type=\"checkbox\" name=\"checkbox\">\n                <span class=\"checkbox__control\">\n                    <svg width=\"17.98\" height=\"15.64\" viewBox=\"0 0 23 20\" fill=\"none\" xmlns=\"http:\/\/www.w3.org\/2000\/svg\">\n                        <path d=\"M18.5168 0.714285L5.23079 19.6841L1.35841 11.9397H0L4.03016 20H6.4927L20 0.714285H18.5168Z\" fill=\"black\"\/>\n                    <\/svg>\n                <\/span>\n            <\/span>\n            <span class=\"checkbox__label\">I\u2019m okay with Nexer\u2019s <a href=\"\/privacy-policy\/\" target=\"_blank\" rel=\"noopener noreferrer\">privacy policy<\/a><\/span>\n        <\/label>\n    <\/div>\n    <div class=\"col-md-13\">\n        <button class=\"nexer-button\">\n            <span>Falar com especialista<\/span>\n            <svg width=\"40\" height=\"40\" viewBox=\"0 0 40 40\" fill=\"none\" xmlns=\"http:\/\/www.w3.org\/2000\/svg\">\n            <path d=\"M35 17.5832V22.4165L24.1667 29.5832V27.5832L34.3333 20.8332H5V19.1665H34.3333L24.1667 12.4165V10.4165L35 17.5832Z\" fill=\"#5A1EA0\"\/>\n            <\/svg>\n        <\/button>\n    <\/div>\n<\/div>\n            <\/div>\n        <\/div>\n    <\/div>\n<\/div>","protected":false},"excerpt":{"rendered":"","protected":false},"author":77,"featured_media":2411,"parent":212,"menu_order":0,"comment_status":"closed","ping_status":"closed","template":"","meta":{"_acf_changed":false,"content-type":"","inline_featured_image":false,"footnotes":""},"categories":[42],"class_list":["post-921","page","type-page","status-publish","has-post-thumbnail","hentry","category-servicos-profissionais"],"acf":[],"yoast_head":"<!-- This site is optimized with the Yoast SEO Premium plugin v27.4 (Yoast SEO v27.4) - https:\/\/yoast.com\/product\/yoast-seo-premium-wordpress\/ -->\n<title>Job not found - Nexer Group<\/title>\n<meta name=\"robots\" content=\"index, follow, max-snippet:-1, max-image-preview:large, max-video-preview:-1\" \/>\n<meta property=\"og:locale\" content=\"en_GB\" \/>\n<meta property=\"og:type\" content=\"article\" \/>\n<meta property=\"og:title\" content=\"Job not found - Nexer Group\" \/>\n<meta property=\"og:site_name\" content=\"Nexer Group - Portugal\" \/>\n<meta property=\"article:modified_time\" content=\"2026-01-05T18:41:15+00:00\" \/>\n<meta property=\"og:image\" content=\"https:\/\/nexergroup.com\/pt\/wp-content\/uploads\/sites\/18\/2023\/09\/businesspeople-are-looking-laptop-working-startup-project-office-2.jpg\" \/>\n\t<meta property=\"og:image:width\" content=\"1000\" \/>\n\t<meta property=\"og:image:height\" content=\"667\" \/>\n\t<meta property=\"og:image:type\" content=\"image\/jpeg\" \/>\n<meta name=\"twitter:card\" content=\"summary_large_image\" \/>\n<meta name=\"twitter:label1\" content=\"Estimated reading time\" \/>\n\t<meta name=\"twitter:data1\" content=\"1 minute\" \/>\n<script type=\"application\/ld+json\" class=\"yoast-schema-graph\">{\"@context\":\"https:\\\/\\\/schema.org\",\"@graph\":[{\"@type\":\"WebPage\",\"@id\":\"https:\\\/\\\/nexergroup.com\\\/pt\\\/industrias\\\/servicos-profissionais\\\/\",\"url\":\"https:\\\/\\\/nexergroup.com\\\/pt\\\/industrias\\\/servicos-profissionais\\\/\",\"name\":\"Servi\u00e7os Profissionais - Nexer Group - Portugal\",\"isPartOf\":{\"@id\":\"https:\\\/\\\/nexergroup.com\\\/pt\\\/#website\"},\"primaryImageOfPage\":{\"@id\":\"https:\\\/\\\/nexergroup.com\\\/pt\\\/industrias\\\/servicos-profissionais\\\/#primaryimage\"},\"image\":{\"@id\":\"https:\\\/\\\/nexergroup.com\\\/pt\\\/industrias\\\/servicos-profissionais\\\/#primaryimage\"},\"thumbnailUrl\":\"https:\\\/\\\/nexergroup.com\\\/pt\\\/wp-content\\\/uploads\\\/sites\\\/18\\\/2023\\\/09\\\/businesspeople-are-looking-laptop-working-startup-project-office-2.jpg\",\"datePublished\":\"2022-01-01T03:00:37+00:00\",\"dateModified\":\"2026-01-05T18:41:15+00:00\",\"description\":\"Aumente a lucratividade do seu neg\u00f3cio, ofere\u00e7a um atendimento superior e gerencie de forma eficaz os aspectos financeiros, humanos e intelectuais da organiza\u00e7\u00e3o.\",\"inLanguage\":\"en-GB\",\"potentialAction\":[{\"@type\":\"ReadAction\",\"target\":[\"https:\\\/\\\/nexergroup.com\\\/pt\\\/industrias\\\/servicos-profissionais\\\/\"]}]},{\"@type\":\"ImageObject\",\"inLanguage\":\"en-GB\",\"@id\":\"https:\\\/\\\/nexergroup.com\\\/pt\\\/industrias\\\/servicos-profissionais\\\/#primaryimage\",\"url\":\"https:\\\/\\\/nexergroup.com\\\/pt\\\/wp-content\\\/uploads\\\/sites\\\/18\\\/2023\\\/09\\\/businesspeople-are-looking-laptop-working-startup-project-office-2.jpg\",\"contentUrl\":\"https:\\\/\\\/nexergroup.com\\\/pt\\\/wp-content\\\/uploads\\\/sites\\\/18\\\/2023\\\/09\\\/businesspeople-are-looking-laptop-working-startup-project-office-2.jpg\",\"width\":1000,\"height\":667},{\"@type\":\"WebSite\",\"@id\":\"https:\\\/\\\/nexergroup.com\\\/pt\\\/#website\",\"url\":\"https:\\\/\\\/nexergroup.com\\\/pt\\\/\",\"name\":\"Nexer Group - Portugal\",\"description\":\"\",\"potentialAction\":[{\"@type\":\"SearchAction\",\"target\":{\"@type\":\"EntryPoint\",\"urlTemplate\":\"https:\\\/\\\/nexergroup.com\\\/pt\\\/?s={search_term_string}\"},\"query-input\":{\"@type\":\"PropertyValueSpecification\",\"valueRequired\":true,\"valueName\":\"search_term_string\"}}],\"inLanguage\":\"en-GB\"}]}<\/script>\n<!-- \/ Yoast SEO Premium plugin. -->","yoast_head_json":{"title":"Job not found - Nexer Group","robots":{"index":"index","follow":"follow","max-snippet":"max-snippet:-1","max-image-preview":"max-image-preview:large","max-video-preview":"max-video-preview:-1"},"og_locale":"en_GB","og_type":"article","og_title":"Job not found - Nexer Group","og_site_name":"Nexer Group - Portugal","article_modified_time":"2026-01-05T18:41:15+00:00","og_image":[{"width":1000,"height":667,"url":"https:\/\/nexergroup.com\/pt\/wp-content\/uploads\/sites\/18\/2023\/09\/businesspeople-are-looking-laptop-working-startup-project-office-2.jpg","type":"image\/jpeg"}],"twitter_card":"summary_large_image","twitter_misc":{"Estimated reading time":"1 minute"},"schema":{"@context":"https:\/\/schema.org","@graph":[{"@type":"WebPage","@id":"https:\/\/nexergroup.com\/pt\/industrias\/servicos-profissionais\/","url":"https:\/\/nexergroup.com\/pt\/industrias\/servicos-profissionais\/","name":"Servi\u00e7os Profissionais - Nexer Group - Portugal","isPartOf":{"@id":"https:\/\/nexergroup.com\/pt\/#website"},"primaryImageOfPage":{"@id":"https:\/\/nexergroup.com\/pt\/industrias\/servicos-profissionais\/#primaryimage"},"image":{"@id":"https:\/\/nexergroup.com\/pt\/industrias\/servicos-profissionais\/#primaryimage"},"thumbnailUrl":"https:\/\/nexergroup.com\/pt\/wp-content\/uploads\/sites\/18\/2023\/09\/businesspeople-are-looking-laptop-working-startup-project-office-2.jpg","datePublished":"2022-01-01T03:00:37+00:00","dateModified":"2026-01-05T18:41:15+00:00","description":"Aumente a lucratividade do seu neg\u00f3cio, ofere\u00e7a um atendimento superior e gerencie de forma eficaz os aspectos financeiros, humanos e intelectuais da organiza\u00e7\u00e3o.","inLanguage":"en-GB","potentialAction":[{"@type":"ReadAction","target":["https:\/\/nexergroup.com\/pt\/industrias\/servicos-profissionais\/"]}]},{"@type":"ImageObject","inLanguage":"en-GB","@id":"https:\/\/nexergroup.com\/pt\/industrias\/servicos-profissionais\/#primaryimage","url":"https:\/\/nexergroup.com\/pt\/wp-content\/uploads\/sites\/18\/2023\/09\/businesspeople-are-looking-laptop-working-startup-project-office-2.jpg","contentUrl":"https:\/\/nexergroup.com\/pt\/wp-content\/uploads\/sites\/18\/2023\/09\/businesspeople-are-looking-laptop-working-startup-project-office-2.jpg","width":1000,"height":667},{"@type":"WebSite","@id":"https:\/\/nexergroup.com\/pt\/#website","url":"https:\/\/nexergroup.com\/pt\/","name":"Nexer Group - Portugal","description":"","potentialAction":[{"@type":"SearchAction","target":{"@type":"EntryPoint","urlTemplate":"https:\/\/nexergroup.com\/pt\/?s={search_term_string}"},"query-input":{"@type":"PropertyValueSpecification","valueRequired":true,"valueName":"search_term_string"}}],"inLanguage":"en-GB"}]}},"lang":"pt","translations":{"pt":921},"pll_sync_post":[],"_links":{"self":[{"href":"https:\/\/nexergroup.com\/pt\/wp-json\/wp\/v2\/pages\/921","targetHints":{"allow":["GET"]}}],"collection":[{"href":"https:\/\/nexergroup.com\/pt\/wp-json\/wp\/v2\/pages"}],"about":[{"href":"https:\/\/nexergroup.com\/pt\/wp-json\/wp\/v2\/types\/page"}],"author":[{"embeddable":true,"href":"https:\/\/nexergroup.com\/pt\/wp-json\/wp\/v2\/users\/77"}],"replies":[{"embeddable":true,"href":"https:\/\/nexergroup.com\/pt\/wp-json\/wp\/v2\/comments?post=921"}],"version-history":[{"count":7,"href":"https:\/\/nexergroup.com\/pt\/wp-json\/wp\/v2\/pages\/921\/revisions"}],"predecessor-version":[{"id":104138,"href":"https:\/\/nexergroup.com\/pt\/wp-json\/wp\/v2\/pages\/921\/revisions\/104138"}],"up":[{"embeddable":true,"href":"https:\/\/nexergroup.com\/pt\/wp-json\/wp\/v2\/pages\/212"}],"wp:featuredmedia":[{"embeddable":true,"href":"https:\/\/nexergroup.com\/pt\/wp-json\/wp\/v2\/media\/2411"}],"wp:attachment":[{"href":"https:\/\/nexergroup.com\/pt\/wp-json\/wp\/v2\/media?parent=921"}],"wp:term":[{"taxonomy":"category","embeddable":true,"href":"https:\/\/nexergroup.com\/pt\/wp-json\/wp\/v2\/categories?post=921"}],"curies":[{"name":"wp","href":"https:\/\/api.w.org\/{rel}","templated":true}]}}