{"id":31783178926,"date":"2024-06-18T18:06:28","date_gmt":"2024-06-18T17:06:28","guid":{"rendered":"https:\/\/nexergroup.com\/co\/?page_id=31783178926"},"modified":"2026-01-05T19:09:30","modified_gmt":"2026-01-05T19:09:30","slug":"cloud-migration","status":"publish","type":"page","link":"https:\/\/nexergroup.com\/co\/es\/servicios\/cloud-migration\/","title":{"rendered":"Cloud Migration"},"content":{"rendered":"\n\n<div class=\"nexer-services-hero nexer-services-hero__theme-black has-media has-subtitle  wp-block-nexer-blocks-services-hero\">\n\t\t\t\t\t\t<div\n\t\t\t\tclass=\"nexer-services-hero-bg nexer-services-hero-bg-image lazy-loading\"\n\t\t\t\tstyle=\"background-image: url('https:\/\/nexergroup.com\/br\/wp-content\/uploads\/sites\/17\/2023\/09\/inovador-inspecionando-o-estoque-de-mercadorias-no-negocio-de-armazem-com-tecnologia-1.jpg'); background-position: 50% 50%;\"\n\t\t\t\t$bg_image_dataset data-lazyloading-no-opacity=\"true\"\n\t\t\t>\n\t\t\t<\/div>\n\t\t\t\t<div class=\"nexer-services-hero-content gradient\">\n\t\t<div class=\"nexer-gp-1 row g-0\">\n\t\t\t<div class=\"col-md-19 offset-xl-1 offset-xxxl-2 col-xxxl-16\">\n\t\t\t\t<h1 class=\"nexer-services-hero-title  nexer-hyphens\">Cloud Migration<\/h1>\n\t\t\t\t<h2 class='nexer-services-hero-subtitle '>\u00bfEst\u00e1s listo para llevar tu negocio al siguiente nivel?<\/h$>\t\t\t<\/div>\n\t\t<\/div>\n\t<\/div>\n\t<\/div>\n\n\n\n<div class=\"nexer-preamble nexer-gp-1\n             nexer-preamble__theme-black            \">\n    <div class=\"row g-0 {$alignment_class}\">\n                <div class=\"nexer-preamble-content columns-1                    offset-xl-1 offset-xxxl-2 col-lg-20 col-xl-19 col-xxl-17 col-xxxl-15\n                    nexer-preamble-content__text-20 1        \">\n            <p>Con Nexer, puedes migrar tu infraestructura local a <strong>Microsoft Azure<\/strong>, la plataforma en la nube m\u00e1s confiable y segura del mundo.<\/p>\n<p>Y eso no es todo: tambi\u00e9n puedes migrar tu proveedor de correo electr\u00f3nico a <strong>Microsoft 365<\/strong>, la soluci\u00f3n de productividad y colaboraci\u00f3n m\u00e1s completa e integrada del mercado.<\/p>\n        <\/div>\n    <\/div>\n<\/div>\n\n\n\n\n    <div class=\"nexer-breadcrumb nexer-gp-1 nexer-breadcrumb__margin-top   \">\n        <div class=\"nexer-breadcrumb__wrapper\">\n            <div class=\"nexer-breadcrumb__level\"><a href=\"https:\/\/nexergroup.com\/co\/\">Start<\/a><span>\/<\/span><\/div>\n                                        <div class=\"nexer-breadcrumb__level nexer-breadcrumb__level-last\"><a href=\"https:\/\/nexergroup.com\/co\/es\/servicios\/\">Servicios<\/a><span>\/<\/span><\/div>\n                                <a href=\"https:\/\/nexergroup.com\/co\/es\/servicios\/cloud-migration\/\" class=\"nexer-breadcrumb__level\">Cloud Migration<\/a>\n        <\/div>\n        <div class=\"nexer-popover nexer-breadcrumb__popover\">\n                    <\/div>\n    <\/div>\n\n\n    <div class=\"nexer-service-highlighted-media-text nexer-gp-1 nexer-service-highlighted-media-text-media-right default\">\n        <div class=\"nexer-service-highlighted-media-text-content row g-0 \">\n            <div class=\"col-24 col-lg-12 col-xl-11 col-xxxl-10 offset-lg-1 offset-xl-2 nexer-service-highlighted-media-text-contain\" >\n                <span role=\"img\" aria-label=\"\" class=\"nexer-service-highlighted-media-text-img lazy-loading nexer-service-highlighted-media-text-img-contain\" data-src-phone=\"https:\/\/nexergroup.com\/co\/wp-content\/uploads\/sites\/19\/2023\/09\/inovador-inspecionando-o-estoque-de-mercadorias-no-negocio-de-armazem-com-tecnologia-1-1-540x364.jpg\" data-src-tablet=\"https:\/\/nexergroup.com\/co\/wp-content\/uploads\/sites\/19\/2023\/09\/inovador-inspecionando-o-estoque-de-mercadorias-no-negocio-de-armazem-com-tecnologia-1-1-768x518.jpg\" data-src-desktop=\"https:\/\/nexergroup.com\/co\/wp-content\/uploads\/sites\/19\/2023\/09\/inovador-inspecionando-o-estoque-de-mercadorias-no-negocio-de-armazem-com-tecnologia-1-1-768x518.jpg\" data-src-full=\"https:\/\/nexergroup.com\/co\/wp-content\/uploads\/sites\/19\/2023\/09\/inovador-inspecionando-o-estoque-de-mercadorias-no-negocio-de-armazem-com-tecnologia-1-1.jpg\"  style=\"background-position: 50% 50%;\">\n\t\t\t\t\t<img class=\"lazy-loading\" data-src-phone=\"https:\/\/nexergroup.com\/co\/wp-content\/uploads\/sites\/19\/2023\/09\/inovador-inspecionando-o-estoque-de-mercadorias-no-negocio-de-armazem-com-tecnologia-1-1-540x364.jpg\" data-src-tablet=\"https:\/\/nexergroup.com\/co\/wp-content\/uploads\/sites\/19\/2023\/09\/inovador-inspecionando-o-estoque-de-mercadorias-no-negocio-de-armazem-com-tecnologia-1-1-768x518.jpg\" data-src-desktop=\"https:\/\/nexergroup.com\/co\/wp-content\/uploads\/sites\/19\/2023\/09\/inovador-inspecionando-o-estoque-de-mercadorias-no-negocio-de-armazem-com-tecnologia-1-1-768x518.jpg\" data-src-full=\"https:\/\/nexergroup.com\/co\/wp-content\/uploads\/sites\/19\/2023\/09\/inovador-inspecionando-o-estoque-de-mercadorias-no-negocio-de-armazem-com-tecnologia-1-1.jpg\"  aria-hidden=\"true\" alt=\"\"\/>\n\t\t\t\t<\/span>            <\/div>\n            <div class=\"col-24 col-md-22 col-lg-11 col-xl-10 col-xxxl-10 offset-xl-1 offset-xxxl-2 nexer-service-highlighted-media-text__wrapper\">\n                                <div class=\"nexer-service-highlighted-media-text__cta-wrapper\">\n                    <p class=\"nexer-service-highlighted-media-text__body-text \">Nexer es un socio certificado de Microsoft, con amplia experiencia y calidad en proyectos de migraci\u00f3n. Nos encargamos de todo por ti, desde la planificaci\u00f3n hasta la ejecuci\u00f3n, garantizando la continuidad y seguridad de tus datos y aplicaciones.<br><br>Contamos con un equipo calificado de profesionales que realizan migraciones complejas de manera eficiente y segura, y ofrecemos un servicio de arquitectura personalizado para tu entorno. Comenzamos con la evaluaci\u00f3n de tu entorno y entregamos un modelo completo considerando el contrato m\u00e1s adecuado para tu negocio.<\/p>\n                                                        <\/div>\n            <\/div>\n        <\/div>\n    <\/div>\n\n\n\n\t<div class=\"nexer-headline nexer-gp-1 nexer-headline__theme-black  nexer-headline__title-alignment__left\">\n\t\t\t\t<h2 class=\"nexer-headline-title offset-xl-1 col-xl-20 col-xxl-18 offset-xxxl-2 col-xxxl-20 \"><strong>DESCUBRE ALGUNAS VENTAJAS DE LLEVAR TUS SERVICIOS A LA NUBE<\/strong><\/h2>\n\t<\/div>\n\n\n\n\n\n\n\n\n\n<div class=\"nexer-promos nexer-gp-1 nexer-promos__theme-black \">\n\t\n\n<div class=\"nexer-promo nexer-promo__theme-white  \">\n\t<h2 class=\" nexer-promo-title\">REDUCCI\u00d3N DE COSTOS<br><\/h2>\n\t<p class=\"\">No necesitas invertir en infraestructura, licencias, mantenimiento o soporte t\u00e9cnico del software, ya que todo esto es responsabilidad del proveedor del servicio.<br><\/p> \t<\/div>\n\n\n\n<div class=\"nexer-promo nexer-promo__theme-white  \">\n\t<h2 class=\" nexer-promo-title\">FLEXIBILIDAD<br><\/h2>\n\t<p class=\"\">Tu empresa puede elegir el plan que mejor se adapte a sus necesidades y cambiar seg\u00fan la demanda, sin comprometer el presupuesto ni el rendimiento del software.<br><\/p> \t<\/div>\n\n\n\n<div class=\"nexer-promo nexer-promo__theme-white  \">\n\t<h2 class=\" nexer-promo-title\">ESCALABILIDAD<\/h2>\n\t<p class=\"\">El usuario puede aumentar o disminuir el uso del software a medida que crece su negocio, sin preocuparse por los l\u00edmites de capacidad o recursos.<br><\/p> \t<\/div>\n\n\n\n<div class=\"nexer-promo nexer-promo__theme-white  \">\n\t<h2 class=\" nexer-promo-title\">MOVILIDAD<br><\/h2>\n\t<p class=\"\">El usuario puede acceder al software desde cualquier ubicaci\u00f3n y dispositivo con conexi\u00f3n a Internet, facilitando el trabajo remoto y la colaboraci\u00f3n entre equipos.<br><\/p> \t<\/div>\n\n\n\n<div class=\"nexer-promo nexer-promo__theme-white  \">\n\t<h2 class=\" nexer-promo-title\">SEGURIDAD<br><\/h2>\n\t<p class=\"\">El proveedor del servicio es responsable de garantizar la seguridad de los datos y la disponibilidad del software, siguiendo las mejores pr\u00e1cticas y est\u00e1ndares del mercado.<br><br><\/p> \t<\/div>\n\n<\/div>\n\n\n<div id=\"anchor-scroll-item-id-form\" class=\"nexer-anchor__scroll-item\">\n<\/div>\n\n\n\n\n\n\n<div class=\"nexer-contact-form   \" id=\"nexer-contact-form\" data-lang=\"\">\n    <div class=\"row g-0\">\n        <div class=\"col-22 offset-1 col-md-20 col-md-18 col-xl-9 offset-xl-1 offset-xxl-1 offset-md-2 offset-lg-3\">\n            <h2 class=\"nexer-contact-form__title nexer-hyphens\"><strong>HABLA CON NOSOTROS<\/strong><\/h2>\n            <p class=\"nexer-contact-form__body-text \">Habla con el equipo de NEXER EA ahora:<br><br><\/p>\n                <div class=\"nexer-contact-form-arrow\">\n        <svg width=\"126\" height=\"82\" viewBox=\"0 0 126 82\" fill=\"none\" xmlns=\"http:\/\/www.w3.org\/2000\/svg\">\n            <g clip-path=\"url(#clip0)\">\n                <path d=\"M125.25 31.2728V51.584L80.2917 81.7005V73.2959L122.483 44.9303H0.75V37.9265H122.483L80.2917 9.56087V1.15625L125.25 31.2728Z\"\n                        fill=\"#18126A\"\/>\n            <\/g>\n            <defs>\n                <clipPath id=\"clip0\">\n                    <rect width=\"126\" height=\"81.0084\" fill=\"white\" transform=\"translate(0 0.925781)\"\/>\n                <\/clipPath>\n            <\/defs>\n        <\/svg>\n    <\/div>\n        <\/div>\n        <div class=\"col-22 offset-1 col-md-20 col-lg-18 col-xl-11 col-xxl-11 offset-xl-1 offset-md-2 offset-lg-3\">\n            <div class=\"nexer-hubspot-form-wrapper nexer-form-contactform7\">\n                \n\n<div class=\"wp-block-contact-form-7-contact-form-selector\">\n<div class=\"wpcf7 no-js\" id=\"wpcf7-f2058-o1\" lang=\"pt-BR\" dir=\"ltr\" data-wpcf7-id=\"2058\">\n<div class=\"screen-reader-response\"><p role=\"status\" aria-live=\"polite\" aria-atomic=\"true\"><\/p> <ul><\/ul><\/div>\n<form action=\"\/co\/wp-json\/wp\/v2\/pages\/31783178926#wpcf7-f2058-o1\" method=\"post\" class=\"wpcf7-form init\" aria-label=\"Contact form\" novalidate=\"novalidate\" data-status=\"init\">\n<fieldset class=\"hidden-fields-container\"><input type=\"hidden\" name=\"_wpcf7\" value=\"2058\" \/><input type=\"hidden\" name=\"_wpcf7_version\" value=\"6.1.5\" \/><input type=\"hidden\" name=\"_wpcf7_locale\" value=\"pt_BR\" \/><input type=\"hidden\" name=\"_wpcf7_unit_tag\" value=\"wpcf7-f2058-o1\" \/><input type=\"hidden\" name=\"_wpcf7_container_post\" value=\"0\" \/><input type=\"hidden\" name=\"_wpcf7_posted_data_hash\" value=\"\" \/><input type=\"hidden\" name=\"_wpcf7_recaptcha_response\" value=\"\" \/>\n<\/fieldset>\n<p><label>Nombre\n\t\t<font style=\"color:#C00\">*\n\t\t<\/font><br \/>\n<span class=\"wpcf7-form-control-wrap\" data-name=\"nombre\"><input size=\"40\" maxlength=\"400\" class=\"wpcf7-form-control wpcf7-text wpcf7-validates-as-required\" aria-required=\"true\" aria-invalid=\"false\" value=\"\" type=\"text\" name=\"nombre\" \/><\/span><\/label>\n<\/p>\n<p><label>Apellido\n\t\t<font>*\n\t\t<\/font><br \/>\n<span class=\"wpcf7-form-control-wrap\" data-name=\"apellido\"><input size=\"40\" maxlength=\"400\" class=\"wpcf7-form-control wpcf7-text wpcf7-validates-as-required\" aria-required=\"true\" aria-invalid=\"false\" value=\"\" type=\"text\" name=\"apellido\" \/><\/span><\/label>\n<\/p>\n<p><label>Email\n\t\t<font style=\"color:#C00\">*\n\t\t<\/font><br \/>\n<span class=\"wpcf7-form-control-wrap\" data-name=\"email\"><input size=\"40\" maxlength=\"400\" class=\"wpcf7-form-control wpcf7-email wpcf7-validates-as-required wpcf7-text wpcf7-validates-as-email\" aria-required=\"true\" aria-invalid=\"false\" value=\"\" type=\"email\" name=\"email\" \/><\/span><\/label>\n<\/p>\n<p><label>Tel\u00e9fono<br \/>\n<span class=\"wpcf7-form-control-wrap\" data-name=\"telefono\"><input size=\"40\" maxlength=\"400\" class=\"wpcf7-form-control wpcf7-tel wpcf7-text wpcf7-validates-as-tel\" aria-invalid=\"false\" value=\"\" type=\"tel\" name=\"telefono\" \/><\/span><\/label>\n<\/p>\n<p><label>Empresa\n\t\t<font style=\"color:#C00\">*\n\t\t<\/font><br \/>\n<span class=\"wpcf7-form-control-wrap\" data-name=\"empresa\"><input size=\"40\" maxlength=\"400\" class=\"wpcf7-form-control wpcf7-text wpcf7-validates-as-required\" aria-required=\"true\" aria-invalid=\"false\" value=\"\" type=\"text\" name=\"empresa\" \/><\/span><\/label>\n<\/p>\n<input class=\"wpcf7-form-control wpcf7-hidden\" value=\"Soluciones (ES)\" type=\"hidden\" name=\"pagina\" \/>\n<p><input class=\"wpcf7-form-control wpcf7-submit has-spinner\" type=\"submit\" value=\"Enviar\" \/>\n<\/p><div class=\"wpcf7-response-output\" aria-hidden=\"true\"><\/div>\n<\/form>\n<\/div>\n<\/div>\n\n\n                <div class=\"nexer-hubspot-form-actions row\">\n    <div class=\"col-md-11\">\n        <label class=\"checkbox\">\n            <span class=\"checkbox__input\">\n                <input type=\"checkbox\" name=\"checkbox\">\n                <span class=\"checkbox__control\">\n                    <svg width=\"17.98\" height=\"15.64\" viewBox=\"0 0 23 20\" fill=\"none\" xmlns=\"http:\/\/www.w3.org\/2000\/svg\">\n                        <path d=\"M18.5168 0.714285L5.23079 19.6841L1.35841 11.9397H0L4.03016 20H6.4927L20 0.714285H18.5168Z\" fill=\"black\"\/>\n                    <\/svg>\n                <\/span>\n            <\/span>\n            <span class=\"checkbox__label\">I\u2019m okay with Nexer\u2019s <a href=\"\/privacy-policy\/\" target=\"_blank\" rel=\"noopener noreferrer\">privacy policy<\/a><\/span>\n        <\/label>\n    <\/div>\n    <div class=\"col-md-13\">\n        <button class=\"nexer-button\">\n            <span>Hablar con un experto<\/span>\n            <svg width=\"40\" height=\"40\" viewBox=\"0 0 40 40\" fill=\"none\" xmlns=\"http:\/\/www.w3.org\/2000\/svg\">\n            <path d=\"M35 17.5832V22.4165L24.1667 29.5832V27.5832L34.3333 20.8332H5V19.1665H34.3333L24.1667 12.4165V10.4165L35 17.5832Z\" fill=\"#5A1EA0\"\/>\n            <\/svg>\n        <\/button>\n    <\/div>\n<\/div>\n            <\/div>\n        <\/div>\n    <\/div>\n<\/div>","protected":false},"excerpt":{"rendered":"","protected":false},"author":118,"featured_media":0,"parent":1654,"menu_order":0,"comment_status":"closed","ping_status":"closed","template":"","meta":{"_acf_changed":false,"content-type":"","inline_featured_image":false,"footnotes":""},"categories":[1],"class_list":["post-31783178926","page","type-page","status-publish","hentry","category-uncategorised"],"pp_statuses_selecting_workflow":false,"pp_workflow_action":"current","pp_status_selection":"publish","pp_force_visibility":null,"pp_subpost_visibility":null,"pp_inherited_force_visibility":null,"pp_inherited_subpost_visibility":null,"pp_post_mime_type":"","acf":[],"yoast_head":"<!-- This site is optimized with the Yoast SEO Premium plugin v27.4 (Yoast SEO v27.4) - https:\/\/yoast.com\/product\/yoast-seo-premium-wordpress\/ -->\n<title>Job not found - Nexer Group<\/title>\n<meta name=\"robots\" content=\"index, follow, max-snippet:-1, max-image-preview:large, max-video-preview:-1\" \/>\n<meta property=\"og:locale\" content=\"en_US\" \/>\n<meta property=\"og:type\" content=\"article\" \/>\n<meta property=\"og:title\" content=\"Job not found - Nexer Group\" \/>\n<meta property=\"og:site_name\" content=\"Nexer Group - Colombia\" \/>\n<meta property=\"article:publisher\" content=\"https:\/\/www.facebook.com\/nexergroup\/\" \/>\n<meta property=\"article:modified_time\" content=\"2026-01-05T19:09:30+00:00\" \/>\n<meta name=\"twitter:card\" content=\"summary_large_image\" \/>\n<meta name=\"twitter:label1\" content=\"Est. reading time\" \/>\n\t<meta name=\"twitter:data1\" content=\"1 minute\" \/>\n<script type=\"application\/ld+json\" class=\"yoast-schema-graph\">{\"@context\":\"https:\\\/\\\/schema.org\",\"@graph\":[{\"@type\":\"WebPage\",\"@id\":\"https:\\\/\\\/nexergroup.com\\\/co\\\/es\\\/servicios\\\/cloud-migration\\\/\",\"url\":\"https:\\\/\\\/nexergroup.com\\\/co\\\/es\\\/servicios\\\/cloud-migration\\\/\",\"name\":\"Cloud Migration - Nexer Group - Colombia\",\"isPartOf\":{\"@id\":\"https:\\\/\\\/nexergroup.com\\\/co\\\/#website\"},\"datePublished\":\"2024-06-18T17:06:28+00:00\",\"dateModified\":\"2026-01-05T19:09:30+00:00\",\"description\":\"Con Nexer, transforma tu empresa migrando a Microsoft Azure y Microsoft 365: soluciones seguras, escalables y listas para el futuro.\",\"inLanguage\":\"en-US\",\"potentialAction\":[{\"@type\":\"ReadAction\",\"target\":[\"https:\\\/\\\/nexergroup.com\\\/co\\\/es\\\/servicios\\\/cloud-migration\\\/\"]}]},{\"@type\":\"WebSite\",\"@id\":\"https:\\\/\\\/nexergroup.com\\\/co\\\/#website\",\"url\":\"https:\\\/\\\/nexergroup.com\\\/co\\\/\",\"name\":\"Nexer Group - Colombia\",\"description\":\"\",\"publisher\":{\"@id\":\"https:\\\/\\\/nexergroup.com\\\/co\\\/#organization\"},\"potentialAction\":[{\"@type\":\"SearchAction\",\"target\":{\"@type\":\"EntryPoint\",\"urlTemplate\":\"https:\\\/\\\/nexergroup.com\\\/co\\\/?s={search_term_string}\"},\"query-input\":{\"@type\":\"PropertyValueSpecification\",\"valueRequired\":true,\"valueName\":\"search_term_string\"}}],\"inLanguage\":\"en-US\"},{\"@type\":\"Organization\",\"@id\":\"https:\\\/\\\/nexergroup.com\\\/co\\\/#organization\",\"name\":\"Nexer Group - Colombia\",\"url\":\"https:\\\/\\\/nexergroup.com\\\/co\\\/\",\"logo\":{\"@type\":\"ImageObject\",\"inLanguage\":\"en-US\",\"@id\":\"https:\\\/\\\/nexergroup.com\\\/co\\\/#\\\/schema\\\/logo\\\/image\\\/\",\"url\":\"https:\\\/\\\/nexergroup.com\\\/co\\\/wp-content\\\/uploads\\\/sites\\\/19\\\/2025\\\/12\\\/Nexer_Logo_Black_RGB.png\",\"contentUrl\":\"https:\\\/\\\/nexergroup.com\\\/co\\\/wp-content\\\/uploads\\\/sites\\\/19\\\/2025\\\/12\\\/Nexer_Logo_Black_RGB.png\",\"width\":1458,\"height\":324,\"caption\":\"Nexer Group - Colombia\"},\"image\":{\"@id\":\"https:\\\/\\\/nexergroup.com\\\/co\\\/#\\\/schema\\\/logo\\\/image\\\/\"},\"sameAs\":[\"https:\\\/\\\/www.facebook.com\\\/nexergroup\\\/\",\"https:\\\/\\\/www.linkedin.com\\\/company\\\/nexer-group\\\/\",\"https:\\\/\\\/www.instagram.com\\\/nexergroup\\\/\"]}]}<\/script>\n<!-- \/ Yoast SEO Premium plugin. -->","yoast_head_json":{"title":"Job not found - Nexer Group","robots":{"index":"index","follow":"follow","max-snippet":"max-snippet:-1","max-image-preview":"max-image-preview:large","max-video-preview":"max-video-preview:-1"},"og_locale":"en_US","og_type":"article","og_title":"Job not found - Nexer Group","og_site_name":"Nexer Group - Colombia","article_publisher":"https:\/\/www.facebook.com\/nexergroup\/","article_modified_time":"2026-01-05T19:09:30+00:00","twitter_card":"summary_large_image","twitter_misc":{"Est. reading time":"1 minute"},"schema":{"@context":"https:\/\/schema.org","@graph":[{"@type":"WebPage","@id":"https:\/\/nexergroup.com\/co\/es\/servicios\/cloud-migration\/","url":"https:\/\/nexergroup.com\/co\/es\/servicios\/cloud-migration\/","name":"Cloud Migration - Nexer Group - Colombia","isPartOf":{"@id":"https:\/\/nexergroup.com\/co\/#website"},"datePublished":"2024-06-18T17:06:28+00:00","dateModified":"2026-01-05T19:09:30+00:00","description":"Con Nexer, transforma tu empresa migrando a Microsoft Azure y Microsoft 365: soluciones seguras, escalables y listas para el futuro.","inLanguage":"en-US","potentialAction":[{"@type":"ReadAction","target":["https:\/\/nexergroup.com\/co\/es\/servicios\/cloud-migration\/"]}]},{"@type":"WebSite","@id":"https:\/\/nexergroup.com\/co\/#website","url":"https:\/\/nexergroup.com\/co\/","name":"Nexer Group - Colombia","description":"","publisher":{"@id":"https:\/\/nexergroup.com\/co\/#organization"},"potentialAction":[{"@type":"SearchAction","target":{"@type":"EntryPoint","urlTemplate":"https:\/\/nexergroup.com\/co\/?s={search_term_string}"},"query-input":{"@type":"PropertyValueSpecification","valueRequired":true,"valueName":"search_term_string"}}],"inLanguage":"en-US"},{"@type":"Organization","@id":"https:\/\/nexergroup.com\/co\/#organization","name":"Nexer Group - Colombia","url":"https:\/\/nexergroup.com\/co\/","logo":{"@type":"ImageObject","inLanguage":"en-US","@id":"https:\/\/nexergroup.com\/co\/#\/schema\/logo\/image\/","url":"https:\/\/nexergroup.com\/co\/wp-content\/uploads\/sites\/19\/2025\/12\/Nexer_Logo_Black_RGB.png","contentUrl":"https:\/\/nexergroup.com\/co\/wp-content\/uploads\/sites\/19\/2025\/12\/Nexer_Logo_Black_RGB.png","width":1458,"height":324,"caption":"Nexer Group - Colombia"},"image":{"@id":"https:\/\/nexergroup.com\/co\/#\/schema\/logo\/image\/"},"sameAs":["https:\/\/www.facebook.com\/nexergroup\/","https:\/\/www.linkedin.com\/company\/nexer-group\/","https:\/\/www.instagram.com\/nexergroup\/"]}]}},"lang":"es","translations":{"es":31783178926,"en":31783178928},"pll_sync_post":[],"_links":{"self":[{"href":"https:\/\/nexergroup.com\/co\/wp-json\/wp\/v2\/pages\/31783178926","targetHints":{"allow":["GET"]}}],"collection":[{"href":"https:\/\/nexergroup.com\/co\/wp-json\/wp\/v2\/pages"}],"about":[{"href":"https:\/\/nexergroup.com\/co\/wp-json\/wp\/v2\/types\/page"}],"author":[{"embeddable":true,"href":"https:\/\/nexergroup.com\/co\/wp-json\/wp\/v2\/users\/118"}],"replies":[{"embeddable":true,"href":"https:\/\/nexergroup.com\/co\/wp-json\/wp\/v2\/comments?post=31783178926"}],"version-history":[{"count":4,"href":"https:\/\/nexergroup.com\/co\/wp-json\/wp\/v2\/pages\/31783178926\/revisions"}],"predecessor-version":[{"id":31783189159,"href":"https:\/\/nexergroup.com\/co\/wp-json\/wp\/v2\/pages\/31783178926\/revisions\/31783189159"}],"up":[{"embeddable":true,"href":"https:\/\/nexergroup.com\/co\/wp-json\/wp\/v2\/pages\/1654"}],"wp:attachment":[{"href":"https:\/\/nexergroup.com\/co\/wp-json\/wp\/v2\/media?parent=31783178926"}],"wp:term":[{"taxonomy":"category","embeddable":true,"href":"https:\/\/nexergroup.com\/co\/wp-json\/wp\/v2\/categories?post=31783178926"}],"curies":[{"name":"wp","href":"https:\/\/api.w.org\/{rel}","templated":true}]}}