{"id":3174,"date":"2024-02-02T12:36:52","date_gmt":"2024-02-02T15:36:52","guid":{"rendered":"https:\/\/nexergroup.com\/br\/?page_id=3174"},"modified":"2025-07-17T17:11:28","modified_gmt":"2025-07-17T20:11:28","slug":"roll-out","status":"publish","type":"page","link":"https:\/\/nexergroup.com\/br\/solucoes\/roll-out\/","title":{"rendered":"Roll Out"},"content":{"rendered":"\n\n<div class=\"nexer-services-hero nexer-services-hero__theme-black has-media has-subtitle  wp-block-nexer-blocks-services-hero\">\n\t\t\t\t\t\t<div\n\t\t\t\tclass=\"nexer-services-hero-bg nexer-services-hero-bg-image lazy-loading\"\n\t\t\t\tstyle=\"background-image: url('https:\/\/nexergroup.com\/br\/wp-content\/uploads\/sites\/17\/2024\/02\/AdobeStock_330653700-large-1.jpg'); background-position: 50% 50%;\"\n\t\t\t\t$bg_image_dataset data-lazyloading-no-opacity=\"true\"\n\t\t\t>\n\t\t\t<\/div>\n\t\t\t\t<div class=\"nexer-services-hero-content \">\n\t\t<div class=\"nexer-gp-1 row g-0\">\n\t\t\t<div class=\"col-md-19 offset-xl-1 offset-xxxl-2 col-xxxl-16\">\n\t\t\t\t<h1 class=\"nexer-services-hero-title  nexer-hyphens\">Dynamics 365 Rollout<\/h1>\n\t\t\t\t<h2 class='nexer-services-hero-subtitle '>Acelere seu crescimento e expanda seu neg\u00f3cio globalmente com o Dynamics 365<\/h$>\t\t\t<\/div>\n\t\t<\/div>\n\t<\/div>\n\t<\/div>\n\n\n    <div class=\"nexer-breadcrumb nexer-gp-1 nexer-breadcrumb__margin-top   nexer-breadcrumb__theme-dark\">\n        <div class=\"nexer-breadcrumb__wrapper\">\n            <div class=\"nexer-breadcrumb__level\"><a href=\"https:\/\/nexergroup.com\/br\/\">Start<\/a><span>\/<\/span><\/div>\n                                        <div class=\"nexer-breadcrumb__level nexer-breadcrumb__level-last\"><a href=\"https:\/\/nexergroup.com\/br\/solucoes\/\">Solu\u00e7\u00f5es<\/a><span>\/<\/span><\/div>\n                                <a href=\"https:\/\/nexergroup.com\/br\/solucoes\/roll-out\/\" class=\"nexer-breadcrumb__level\">Roll Out<\/a>\n        <\/div>\n        <div class=\"nexer-popover nexer-breadcrumb__popover\">\n                    <\/div>\n    <\/div>\n\n\n    <div class=\"nexer-service-highlighted-media-text nexer-gp-1 nexer-service-highlighted-media-text-media-right nexer-service-highlighted-media-text__theme-black\">\n        <div class=\"nexer-service-highlighted-media-text-content row g-0 \">\n            <div class=\"col-24 col-lg-12 col-xl-11 col-xxxl-10 offset-lg-1 offset-xl-2 \" >\n                <span role=\"img\" aria-label=\"\" class=\"nexer-service-highlighted-media-text-img lazy-loading \" data-src-phone=\"https:\/\/nexergroup.com\/br\/wp-content\/uploads\/sites\/17\/2024\/02\/fundo-de-banner-de-sobreposicao-de-grafico-de-rede-1-scaled-1-540x502.jpg\" data-src-tablet=\"https:\/\/nexergroup.com\/br\/wp-content\/uploads\/sites\/17\/2024\/02\/fundo-de-banner-de-sobreposicao-de-grafico-de-rede-1-scaled-1-768x715.jpg\" data-src-desktop=\"https:\/\/nexergroup.com\/br\/wp-content\/uploads\/sites\/17\/2024\/02\/fundo-de-banner-de-sobreposicao-de-grafico-de-rede-1-scaled-1-768x715.jpg\" data-src-widescreen=\"https:\/\/nexergroup.com\/br\/wp-content\/uploads\/sites\/17\/2024\/02\/fundo-de-banner-de-sobreposicao-de-grafico-de-rede-1-scaled-1-1920x1787.jpg\" data-src-full=\"https:\/\/nexergroup.com\/br\/wp-content\/uploads\/sites\/17\/2024\/02\/fundo-de-banner-de-sobreposicao-de-grafico-de-rede-1-scaled-1.jpg\"  style=\"background-position: 50% 50%;\">\n\t\t\t\t\t<img class=\"lazy-loading\" data-src-phone=\"https:\/\/nexergroup.com\/br\/wp-content\/uploads\/sites\/17\/2024\/02\/fundo-de-banner-de-sobreposicao-de-grafico-de-rede-1-scaled-1-540x502.jpg\" data-src-tablet=\"https:\/\/nexergroup.com\/br\/wp-content\/uploads\/sites\/17\/2024\/02\/fundo-de-banner-de-sobreposicao-de-grafico-de-rede-1-scaled-1-768x715.jpg\" data-src-desktop=\"https:\/\/nexergroup.com\/br\/wp-content\/uploads\/sites\/17\/2024\/02\/fundo-de-banner-de-sobreposicao-de-grafico-de-rede-1-scaled-1-768x715.jpg\" data-src-widescreen=\"https:\/\/nexergroup.com\/br\/wp-content\/uploads\/sites\/17\/2024\/02\/fundo-de-banner-de-sobreposicao-de-grafico-de-rede-1-scaled-1-1920x1787.jpg\" data-src-full=\"https:\/\/nexergroup.com\/br\/wp-content\/uploads\/sites\/17\/2024\/02\/fundo-de-banner-de-sobreposicao-de-grafico-de-rede-1-scaled-1.jpg\"  aria-hidden=\"true\" alt=\"\"\/>\n\t\t\t\t<\/span>            <\/div>\n            <div class=\"col-24 col-md-22 col-lg-11 col-xl-10 col-xxxl-10 offset-xl-1 offset-xxxl-2 nexer-service-highlighted-media-text__wrapper\">\n                                <div class=\"nexer-service-highlighted-media-text__cta-wrapper\">\n                    <p class=\"nexer-service-highlighted-media-text__body-text \">O Microsoft Dynamics 365 \u00e9 uma solu\u00e7\u00e3o global e completa para gerenciar todos os aspectos do seu neg\u00f3cio. Para as empresas brasileiras que querem expandir sua presen\u00e7a no mercado internacional, ou para as empresas estrangeiras que desejam atuar no Brasil, \u00e9 fundamental que seus sistemas sejam flex\u00edveis e compat\u00edveis com as normas locais.<\/p>\n                                        \n\n<p>Presente em mais de 11 pa\u00edses, a Nexer tem uma vasta experi\u00eancia em rollout de sistemas de ERP e CRM, tendo realizado mais de 20 projetos bem-sucedidos ao redor do mundo com um time de consultoria especializado.<\/p>\n\n                <\/div>\n            <\/div>\n        <\/div>\n    <\/div>\n\n\n\n\t<div class=\"nexer-headline nexer-gp-1 nexer-headline__theme-white  nexer-headline__title-alignment__center\">\n\t\t\t\t<h2 class=\"nexer-headline-title offset-xl-1 col-xl-20 col-xxl-18 offset-xxxl-2 col-xxxl-20 \">O que a Nexer oferece<\/h2>\n\t<\/div>\n\n\n\n\n\n\n\n\n\n<div class=\"nexer-promos nexer-gp-1  has-two-items\">\n\t\n\n<div class=\"nexer-promo   \">\n\t<h2 class=\"nexer-hyphens nexer-promo-title\">Conformidade local e regulamentos fiscais<\/h2>\n\t<p class=\"\">Os pa\u00edses da Am\u00e9rica Latina t\u00eam frequentemente regulamentos fiscais complexos e em constante mudan\u00e7a, a Nexer tem um time especializado nas localiza\u00e7\u00f5es fiscais de cada pa\u00eds, para a adapta\u00e7\u00e3o de relat\u00f3rios financeiros, conformidade regulamentar e suporte lingu\u00edstico.<\/p> \t<a href='#anchor-scroll-item-id-form' target='' rel='' class='nexer-promo-link no-barba'><span>Fale com um consultor<\/span>\t\t<svg width=\"9\" height=\"12\" viewBox=\"0 0 9 12\" fill=\"none\" xmlns=\"http:\/\/www.w3.org\/2000\/svg\">\n\t\t\t<path class=\"arrow\" d=\"M0.5 0V1.73333L7.3 6L0.5 10.2667V12L8.5 7V5L0.5 0Z\" fill=\"#5A1EA0\"><\/path>\n\t\t<\/svg><\/a><\/div>\n\n\n\n<div class=\"nexer-promo   \">\n\t<h2 class=\"nexer-hyphens nexer-promo-title\">Suporte a v\u00e1rias moedas e v\u00e1rios idiomas<\/h2>\n\t<p class=\"\">As equipes s\u00e3o preparadas para projetos complexos que abrangem sistemicamente m\u00faltiplas moedas e s\u00e3o capazes de tocar projetos com falantes nativos em espanhol, portugu\u00eas e ingl\u00eas.<\/p> \t<a href='#anchor-scroll-item-id-form' target='' rel='' class='nexer-promo-link no-barba'><span>FALE COM UM CONSULTOR<\/span>\t\t<svg width=\"9\" height=\"12\" viewBox=\"0 0 9 12\" fill=\"none\" xmlns=\"http:\/\/www.w3.org\/2000\/svg\">\n\t\t\t<path class=\"arrow\" d=\"M0.5 0V1.73333L7.3 6L0.5 10.2667V12L8.5 7V5L0.5 0Z\" fill=\"#5A1EA0\"><\/path>\n\t\t<\/svg><\/a><\/div>\n\n\n\n<div class=\"nexer-promo   \">\n\t<h2 class=\"nexer-hyphens nexer-promo-title\">Forma\u00e7\u00e3o e Gest\u00e3o da Mudan\u00e7a<\/h2>\n\t<p class=\"\">As barreiras lingu\u00edsticas e os diferentes n\u00edveis de profici\u00eancia tecnol\u00f3gica podem exigir forma\u00e7\u00e3o personalizada e estrat\u00e9gias abrangentes de gest\u00e3o da mudan\u00e7a, a Nexer trabalha para que todos sejam capacitados igualmente em seu idioma nativo.<\/p> \t<a href='#anchor-scroll-item-id-form' target='' rel='' class='nexer-promo-link no-barba'><span>FALE COM UM CONSULTOR<\/span>\t\t<svg width=\"9\" height=\"12\" viewBox=\"0 0 9 12\" fill=\"none\" xmlns=\"http:\/\/www.w3.org\/2000\/svg\">\n\t\t\t<path class=\"arrow\" d=\"M0.5 0V1.73333L7.3 6L0.5 10.2667V12L8.5 7V5L0.5 0Z\" fill=\"#5A1EA0\"><\/path>\n\t\t<\/svg><\/a><\/div>\n\n\n\n<div class=\"nexer-promo   \">\n\t<h2 class=\"nexer-hyphens nexer-promo-title\">Suporte e Manuten\u00e7\u00e3o Local<\/h2>\n\t<p class=\"\">N\u00f3s oferecemos suporte local e manuten\u00e7\u00e3o para o Dynamics 365 garantido que a solu\u00e7\u00e3o esteja sempre atualizada com as mudan\u00e7as nos regulamentos e requisitos.<\/p> \t<a href='#anchor-scroll-item-id-form' target='' rel='' class='nexer-promo-link no-barba'><span>FALE COM UM CONSULTOR<\/span>\t\t<svg width=\"9\" height=\"12\" viewBox=\"0 0 9 12\" fill=\"none\" xmlns=\"http:\/\/www.w3.org\/2000\/svg\">\n\t\t\t<path class=\"arrow\" d=\"M0.5 0V1.73333L7.3 6L0.5 10.2667V12L8.5 7V5L0.5 0Z\" fill=\"#5A1EA0\"><\/path>\n\t\t<\/svg><\/a><\/div>\n\n<\/div>\n\n\n\t<div class=\"nexer-headline nexer-gp-1 nexer-headline__theme-light-blue has-pretitle nexer-headline__title-alignment__left\">\n\t\t<div class='nexer-headline-pretitle offset-xl-1 col-xl-20 col-xxl-18 offset-xxxl-2 col-xxxl-20'>A Nexer \u00e9 capaz de atender os requisitos espec\u00edficos de cada regi\u00e3o, fornecer orienta\u00e7\u00e3o e suporte para empresas de segmentos diversos<\/div>\t\t<h2 class=\"nexer-headline-title offset-xl-1 col-xl-20 col-xxl-18 offset-xxxl-2 col-xxxl-20 \">VEJA ALGUNS DE NOSSOS PROJETOS<\/h2>\n\t<\/div>\n\n\n\n\n\n\n\n\n\n\t<div class=\"nexer-quick-facts nexer-p-1  nexer-quick-facts__theme-light-blue img  \">\n\t\t\t\t\t<div class=\"row gx-5 nexer-quick-facts__wrapper has-four-items text-align-center contain-images\">\n\t\t\t\t\n\t\t<div class=\"nexer-quick-facts__item col-24 col-md-8 col-lg-12 col-xl-8  img\">\n\t\t\t<div class=\"nexer-quick-facts__img-wrapper\">\n\t\t\t\t<div style=\"background-image: url(https:\/\/nexergroup.com\/br\/wp-content\/uploads\/sites\/17\/2024\/02\/Renault-Mobilize-1.png);\"><\/div>\n\t\t\t<\/div>\t\t\t<p class=\"nexer-quick-facts__preheader\">Dynamics 365 Finance + Customer Engagement: Brasil e Col\u00f4mbia\u00a0<br><\/p>\n\t\t\t<p class=\"nexer-quick-facts__description\"><\/p>\n\t\t<\/div>\n\t\t\n\n\t\t<div class=\"nexer-quick-facts__item col-24 col-md-8 col-lg-12 col-xl-8  img\">\n\t\t\t<div class=\"nexer-quick-facts__img-wrapper\">\n\t\t\t\t<div style=\"background-image: url(https:\/\/nexergroup.com\/br\/wp-content\/uploads\/sites\/17\/2024\/02\/image-33.png);\"><\/div>\n\t\t\t<\/div>\t\t\t<p class=\"nexer-quick-facts__preheader\">Dynamics 365 Finance &amp; Supply Chain: Mais de 10 pa\u00edses da Am\u00e9rica Latina e Estados Unidos<\/p>\n\t\t\t<p class=\"nexer-quick-facts__description\"><\/p>\n\t\t<\/div>\n\t\t\n\n\t\t<div class=\"nexer-quick-facts__item col-24 col-md-8 col-lg-12 col-xl-8  img\">\n\t\t\t<div class=\"nexer-quick-facts__img-wrapper\">\n\t\t\t\t<div style=\"background-image: url(https:\/\/nexergroup.com\/br\/wp-content\/uploads\/sites\/17\/2024\/02\/Omya-1.png);\"><\/div>\n\t\t\t<\/div>\t\t\t<p class=\"nexer-quick-facts__preheader\">Dynamics 365 Finance: <br>Brasil, Col\u00f4mbia e Chile<\/p>\n\t\t\t<p class=\"nexer-quick-facts__description\"><\/p>\n\t\t<\/div>\n\t\t\n\n\t\t<div class=\"nexer-quick-facts__item col-24 col-md-8 col-lg-12 col-xl-8  img\">\n\t\t\t<div class=\"nexer-quick-facts__img-wrapper\">\n\t\t\t\t<div style=\"background-image: url(https:\/\/nexergroup.com\/br\/wp-content\/uploads\/sites\/17\/2024\/02\/Universal-1.png);\"><\/div>\n\t\t\t<\/div>\t\t\t<p class=\"nexer-quick-facts__preheader\">Dynamics 365 Finance: <br>Brasil e Mo\u00e7ambique<\/p>\n\t\t\t<p class=\"nexer-quick-facts__description\"><\/p>\n\t\t<\/div>\n\t\t\n\n\t\t<div class=\"nexer-quick-facts__item col-24 col-md-8 col-lg-12 col-xl-8  img\">\n\t\t\t<div class=\"nexer-quick-facts__img-wrapper\">\n\t\t\t\t<div style=\"background-image: url(https:\/\/nexergroup.com\/br\/wp-content\/uploads\/sites\/17\/2024\/02\/image2.png);\"><\/div>\n\t\t\t<\/div>\t\t\t<p class=\"nexer-quick-facts__preheader\">Dynamics 365 Business Central: <br>Brasil e Col\u00f4mbia<\/p>\n\t\t\t<p class=\"nexer-quick-facts__description\"><\/p>\n\t\t<\/div>\n\t\t\n\n\t\t<div class=\"nexer-quick-facts__item col-24 col-md-8 col-lg-12 col-xl-8  img\">\n\t\t\t<div class=\"nexer-quick-facts__img-wrapper\">\n\t\t\t\t<div style=\"background-image: url(https:\/\/nexergroup.com\/br\/wp-content\/uploads\/sites\/17\/2024\/02\/Volcafe-1.png);\"><\/div>\n\t\t\t<\/div>\t\t\t<p class=\"nexer-quick-facts__preheader\"> Dynamics 365 Finance: <br>Brasil, Guatemala e M\u00e9xico<\/p>\n\t\t\t<p class=\"nexer-quick-facts__description\"><\/p>\n\t\t<\/div>\n\t\t\n\n\t\t<div class=\"nexer-quick-facts__item col-24 col-md-8 col-lg-12 col-xl-8  img\">\n\t\t\t<div class=\"nexer-quick-facts__img-wrapper\">\n\t\t\t\t<div style=\"background-image: url(https:\/\/nexergroup.com\/br\/wp-content\/uploads\/sites\/17\/2024\/02\/image4.png);\"><\/div>\n\t\t\t<\/div>\t\t\t<p class=\"nexer-quick-facts__preheader\">Dynamics 365 Finance: <br>10 pa\u00edses da Am\u00e9rica Latina\u00a0<\/p>\n\t\t\t<p class=\"nexer-quick-facts__description\"><\/p>\n\t\t<\/div>\n\t\t\n\n\t\t<div class=\"nexer-quick-facts__item col-24 col-md-8 col-lg-12 col-xl-8  img\">\n\t\t\t<div class=\"nexer-quick-facts__img-wrapper\">\n\t\t\t\t<div style=\"background-image: url(https:\/\/nexergroup.com\/br\/wp-content\/uploads\/sites\/17\/2024\/02\/image3.png);\"><\/div>\n\t\t\t<\/div>\t\t\t<p class=\"nexer-quick-facts__preheader\">Brasil e Argentina<\/p>\n\t\t\t<p class=\"nexer-quick-facts__description\"><\/p>\n\t\t<\/div>\n\t\t\n\n\t\t<div class=\"nexer-quick-facts__item col-24 col-md-8 col-lg-12 col-xl-8  img\">\n\t\t\t<div class=\"nexer-quick-facts__img-wrapper\">\n\t\t\t\t<div style=\"background-image: url(https:\/\/nexergroup.com\/br\/wp-content\/uploads\/sites\/17\/2024\/02\/Fmc-1.png);\"><\/div>\n\t\t\t<\/div>\t\t\t<p class=\"nexer-quick-facts__preheader\">Dynamics 365 Finance: Brasil, Estados Unidos, Argentina, Col\u00f4mbia e Chile<\/p>\n\t\t\t<p class=\"nexer-quick-facts__description\"><\/p>\n\t\t<\/div>\n\t\t\n\n\t\t<div class=\"nexer-quick-facts__item col-24 col-md-8 col-lg-12 col-xl-8  img\">\n\t\t\t<div class=\"nexer-quick-facts__img-wrapper\">\n\t\t\t\t<div style=\"background-image: url(https:\/\/nexergroup.com\/br\/wp-content\/uploads\/sites\/17\/2024\/02\/image5.jpg);\"><\/div>\n\t\t\t<\/div>\t\t\t<p class=\"nexer-quick-facts__preheader\">Dynamics 365: <br>Brasil e Col\u00f4mbia<\/p>\n\t\t\t<p class=\"nexer-quick-facts__description\"><\/p>\n\t\t<\/div>\n\t\t\n\t\t\t<\/div>\n\t\t\n\t\t\t<\/div>\n\n\n\n<div id=\"anchor-scroll-item-id-form\" class=\"nexer-anchor__scroll-item\">\n<\/div>\n\n\n\n\n\n\n<div class=\"nexer-contact-form   \" id=\"nexer-contact-form\" data-lang=\"\">\n    <div class=\"row g-0\">\n        <div class=\"col-22 offset-1 col-md-20 col-md-18 col-xl-9 offset-xl-1 offset-xxl-1 offset-md-2 offset-lg-3\">\n            <h2 class=\"nexer-contact-form__title nexer-hyphens\">Quer acelerar o crescimento da sua empresa?<\/h2>\n            <p class=\"nexer-contact-form__body-text \">Se voc\u00ea deseja expandir os seus neg\u00f3cios globalmente, estamos aqui para ajud\u00e1-lo. Entre em contato com um consultor<\/p>\n                <div class=\"nexer-contact-form-arrow\">\n        <svg width=\"126\" height=\"82\" viewBox=\"0 0 126 82\" fill=\"none\" xmlns=\"http:\/\/www.w3.org\/2000\/svg\">\n            <g clip-path=\"url(#clip0)\">\n                <path d=\"M125.25 31.2728V51.584L80.2917 81.7005V73.2959L122.483 44.9303H0.75V37.9265H122.483L80.2917 9.56087V1.15625L125.25 31.2728Z\"\n                        fill=\"#18126A\"\/>\n            <\/g>\n            <defs>\n                <clipPath id=\"clip0\">\n                    <rect width=\"126\" height=\"81.0084\" fill=\"white\" transform=\"translate(0 0.925781)\"\/>\n                <\/clipPath>\n            <\/defs>\n        <\/svg>\n    <\/div>\n        <\/div>\n        <div class=\"col-22 offset-1 col-md-20 col-lg-18 col-xl-11 col-xxl-11 offset-xl-1 offset-md-2 offset-lg-3\">\n            <div class=\"nexer-hubspot-form-wrapper nexer-form-dynamics\">\n                \n<link rel=\"stylesheet\" href=\"https:\/\/unpkg.com\/intl-tel-input@18.2.1\/build\/css\/intlTelInput.css\"\/>\n\n\n<script>\n(function initDynamicAssets() {\n  function DynamicsScript() {\n    const head = document.head || document.getElementsByTagName('head')[0];\n    const externalScriptUrl = 'https:\/\/cxppusa1formui01cdnsa01-endpoint.azureedge.net\/eur\/FormLoader\/FormLoader.bundle.js';\n\n    if (externalScriptUrl && !document.querySelector(`script[src=\"${externalScriptUrl}\"]`)) {\n      const script = document.createElement('script');\n      script.src = externalScriptUrl;\n      script.defer = true;\n      head.appendChild(script);\n    }\n\n    if (!document.documentElement.lang) {\n      document.documentElement.lang = navigator.language || navigator.userLanguage || 'en';\n    }\n  }\n\n  if (document.readyState === 'loading') {\n    document.addEventListener('DOMContentLoaded', DynamicsScript);\n  } else {\n    DynamicsScript();\n  }\n})();\n<\/script>\n\n<script src=\"https:\/\/unpkg.com\/intl-tel-input@18.2.1\/build\/js\/intlTelInput.min.js\"><\/script>\n<script src=\"https:\/\/unpkg.com\/intl-tel-input@18.2.1\/build\/js\/utils.js\"><\/script>\n\n            <div data-form-block-id=\"4a501870-695e-f011-bec2-6045bde1bb88\"\n            data-form-type=\"crm\"\n            data-form-id=\"4a501870-695e-f011-bec2-6045bde1bb88\"\n            data-form-api-url=\"https:\/\/public-eur.mkt.dynamics.com\/api\/v1.0\/orgs\/daadcec4-20bc-4ff6-9c24-7ab296b82198\/landingpageforms\"\n            data-cached-form-url=\"https:\/\/assets-eur.mkt.dynamics.com\/daadcec4-20bc-4ff6-9c24-7ab296b82198\/digitalassets\/forms\/4a501870-695e-f011-bec2-6045bde1bb88\"\n\t\t\t\t\t\t>\n\t\t<\/div>\n\t\t<div id=\"d4a501870-695e-f011-bec2-6045bde1bb88\"><\/div>\n\t\t<div\n\t\t\tclass=\"d365-crm-config\"\n\t\t\tstyle=\"display:none\"\n\t\t\tdata-form-id=\"4a501870-695e-f011-bec2-6045bde1bb88\"\n\t\t\tdata-hostname=\"132351c0a55c47a2a96b0ed325ab5172.svc.dynamics.com\"\n\t\t\tdata-website-id=\"\"\n\t\t\tdata-form-api-url=\"https:\/\/public-eur.mkt.dynamics.com\/api\/v1.0\/orgs\/daadcec4-20bc-4ff6-9c24-7ab296b82198\/landingpageforms\"\n\t\t\tdata-cached-form-url=\"https:\/\/assets-eur.mkt.dynamics.com\/daadcec4-20bc-4ff6-9c24-7ab296b82198\/digitalassets\/forms\/4a501870-695e-f011-bec2-6045bde1bb88\t\t\t\">\n        <\/div>\n        <\/div>\n\n\n\n                \n            <\/div>\n        <\/div>\n    <\/div>\n<\/div>","protected":false},"excerpt":{"rendered":"","protected":false},"author":58,"featured_media":3183,"parent":138,"menu_order":40,"comment_status":"closed","ping_status":"closed","template":"","meta":{"_acf_changed":false,"content-type":"","inline_featured_image":false,"footnotes":""},"categories":[23],"class_list":["post-3174","page","type-page","status-publish","has-post-thumbnail","hentry","category-noticias"],"acf":[],"yoast_head":"<!-- This site is optimized with the Yoast SEO Premium plugin v27.4 (Yoast SEO v27.4) - https:\/\/yoast.com\/product\/yoast-seo-premium-wordpress\/ -->\n<title>Job not found - Nexer Group<\/title>\n<meta name=\"robots\" content=\"index, follow, max-snippet:-1, max-image-preview:large, max-video-preview:-1\" \/>\n<meta property=\"og:locale\" content=\"en_US\" \/>\n<meta property=\"og:type\" content=\"article\" \/>\n<meta property=\"og:title\" content=\"Job not found - Nexer Group\" \/>\n<meta property=\"og:site_name\" content=\"Nexer Group - Brasil\" \/>\n<meta property=\"article:modified_time\" content=\"2025-07-17T20:11:28+00:00\" \/>\n<meta property=\"og:image\" content=\"https:\/\/nexergroup.com\/br\/wp-content\/uploads\/sites\/17\/2024\/02\/AdobeStock_330653700-large-1.jpg\" \/>\n\t<meta property=\"og:image:width\" content=\"1920\" \/>\n\t<meta property=\"og:image:height\" content=\"1297\" \/>\n\t<meta property=\"og:image:type\" content=\"image\/jpeg\" \/>\n<meta name=\"twitter:card\" content=\"summary_large_image\" \/>\n<meta name=\"twitter:label1\" content=\"Est. reading time\" \/>\n\t<meta name=\"twitter:data1\" content=\"1 minute\" \/>\n<script type=\"application\/ld+json\" class=\"yoast-schema-graph\">{\"@context\":\"https:\\\/\\\/schema.org\",\"@graph\":[{\"@type\":\"WebPage\",\"@id\":\"https:\\\/\\\/nexergroup.com\\\/br\\\/solucoes\\\/roll-out\\\/\",\"url\":\"https:\\\/\\\/nexergroup.com\\\/br\\\/solucoes\\\/roll-out\\\/\",\"name\":\"Roll Out - Nexer Group - Brasil\",\"isPartOf\":{\"@id\":\"https:\\\/\\\/nexergroup.com\\\/br\\\/#website\"},\"primaryImageOfPage\":{\"@id\":\"https:\\\/\\\/nexergroup.com\\\/br\\\/solucoes\\\/roll-out\\\/#primaryimage\"},\"image\":{\"@id\":\"https:\\\/\\\/nexergroup.com\\\/br\\\/solucoes\\\/roll-out\\\/#primaryimage\"},\"thumbnailUrl\":\"https:\\\/\\\/nexergroup.com\\\/br\\\/wp-content\\\/uploads\\\/sites\\\/17\\\/2024\\\/02\\\/AdobeStock_330653700-large-1.jpg\",\"datePublished\":\"2024-02-02T15:36:52+00:00\",\"dateModified\":\"2025-07-17T20:11:28+00:00\",\"description\":\"Alavanque seu crescimento global com o Microsoft Dynamics 365: a solu\u00e7\u00e3o completa para gerenciar seu neg\u00f3cio. Adequado para empresas brasileiras e estrangeiras, garantindo flexibilidade e conformidade local.\",\"inLanguage\":\"en-US\",\"potentialAction\":[{\"@type\":\"ReadAction\",\"target\":[\"https:\\\/\\\/nexergroup.com\\\/br\\\/solucoes\\\/roll-out\\\/\"]}]},{\"@type\":\"ImageObject\",\"inLanguage\":\"en-US\",\"@id\":\"https:\\\/\\\/nexergroup.com\\\/br\\\/solucoes\\\/roll-out\\\/#primaryimage\",\"url\":\"https:\\\/\\\/nexergroup.com\\\/br\\\/wp-content\\\/uploads\\\/sites\\\/17\\\/2024\\\/02\\\/AdobeStock_330653700-large-1.jpg\",\"contentUrl\":\"https:\\\/\\\/nexergroup.com\\\/br\\\/wp-content\\\/uploads\\\/sites\\\/17\\\/2024\\\/02\\\/AdobeStock_330653700-large-1.jpg\",\"width\":1920,\"height\":1297},{\"@type\":\"WebSite\",\"@id\":\"https:\\\/\\\/nexergroup.com\\\/br\\\/#website\",\"url\":\"https:\\\/\\\/nexergroup.com\\\/br\\\/\",\"name\":\"Nexer Group - Brasil\",\"description\":\"Nexer Enterprise Applications\",\"potentialAction\":[{\"@type\":\"SearchAction\",\"target\":{\"@type\":\"EntryPoint\",\"urlTemplate\":\"https:\\\/\\\/nexergroup.com\\\/br\\\/?s={search_term_string}\"},\"query-input\":{\"@type\":\"PropertyValueSpecification\",\"valueRequired\":true,\"valueName\":\"search_term_string\"}}],\"inLanguage\":\"en-US\"}]}<\/script>\n<!-- \/ Yoast SEO Premium plugin. -->","yoast_head_json":{"title":"Job not found - Nexer Group","robots":{"index":"index","follow":"follow","max-snippet":"max-snippet:-1","max-image-preview":"max-image-preview:large","max-video-preview":"max-video-preview:-1"},"og_locale":"en_US","og_type":"article","og_title":"Job not found - Nexer Group","og_site_name":"Nexer Group - Brasil","article_modified_time":"2025-07-17T20:11:28+00:00","og_image":[{"width":1920,"height":1297,"url":"https:\/\/nexergroup.com\/br\/wp-content\/uploads\/sites\/17\/2024\/02\/AdobeStock_330653700-large-1.jpg","type":"image\/jpeg"}],"twitter_card":"summary_large_image","twitter_misc":{"Est. reading time":"1 minute"},"schema":{"@context":"https:\/\/schema.org","@graph":[{"@type":"WebPage","@id":"https:\/\/nexergroup.com\/br\/solucoes\/roll-out\/","url":"https:\/\/nexergroup.com\/br\/solucoes\/roll-out\/","name":"Roll Out - Nexer Group - Brasil","isPartOf":{"@id":"https:\/\/nexergroup.com\/br\/#website"},"primaryImageOfPage":{"@id":"https:\/\/nexergroup.com\/br\/solucoes\/roll-out\/#primaryimage"},"image":{"@id":"https:\/\/nexergroup.com\/br\/solucoes\/roll-out\/#primaryimage"},"thumbnailUrl":"https:\/\/nexergroup.com\/br\/wp-content\/uploads\/sites\/17\/2024\/02\/AdobeStock_330653700-large-1.jpg","datePublished":"2024-02-02T15:36:52+00:00","dateModified":"2025-07-17T20:11:28+00:00","description":"Alavanque seu crescimento global com o Microsoft Dynamics 365: a solu\u00e7\u00e3o completa para gerenciar seu neg\u00f3cio. Adequado para empresas brasileiras e estrangeiras, garantindo flexibilidade e conformidade local.","inLanguage":"en-US","potentialAction":[{"@type":"ReadAction","target":["https:\/\/nexergroup.com\/br\/solucoes\/roll-out\/"]}]},{"@type":"ImageObject","inLanguage":"en-US","@id":"https:\/\/nexergroup.com\/br\/solucoes\/roll-out\/#primaryimage","url":"https:\/\/nexergroup.com\/br\/wp-content\/uploads\/sites\/17\/2024\/02\/AdobeStock_330653700-large-1.jpg","contentUrl":"https:\/\/nexergroup.com\/br\/wp-content\/uploads\/sites\/17\/2024\/02\/AdobeStock_330653700-large-1.jpg","width":1920,"height":1297},{"@type":"WebSite","@id":"https:\/\/nexergroup.com\/br\/#website","url":"https:\/\/nexergroup.com\/br\/","name":"Nexer Group - Brasil","description":"Nexer Enterprise Applications","potentialAction":[{"@type":"SearchAction","target":{"@type":"EntryPoint","urlTemplate":"https:\/\/nexergroup.com\/br\/?s={search_term_string}"},"query-input":{"@type":"PropertyValueSpecification","valueRequired":true,"valueName":"search_term_string"}}],"inLanguage":"en-US"}]}},"lang":"pt","translations":{"pt":3174,"en":3200},"pll_sync_post":[],"_links":{"self":[{"href":"https:\/\/nexergroup.com\/br\/wp-json\/wp\/v2\/pages\/3174","targetHints":{"allow":["GET"]}}],"collection":[{"href":"https:\/\/nexergroup.com\/br\/wp-json\/wp\/v2\/pages"}],"about":[{"href":"https:\/\/nexergroup.com\/br\/wp-json\/wp\/v2\/types\/page"}],"author":[{"embeddable":true,"href":"https:\/\/nexergroup.com\/br\/wp-json\/wp\/v2\/users\/58"}],"replies":[{"embeddable":true,"href":"https:\/\/nexergroup.com\/br\/wp-json\/wp\/v2\/comments?post=3174"}],"version-history":[{"count":7,"href":"https:\/\/nexergroup.com\/br\/wp-json\/wp\/v2\/pages\/3174\/revisions"}],"predecessor-version":[{"id":104701,"href":"https:\/\/nexergroup.com\/br\/wp-json\/wp\/v2\/pages\/3174\/revisions\/104701"}],"up":[{"embeddable":true,"href":"https:\/\/nexergroup.com\/br\/wp-json\/wp\/v2\/pages\/138"}],"wp:featuredmedia":[{"embeddable":true,"href":"https:\/\/nexergroup.com\/br\/wp-json\/wp\/v2\/media\/3183"}],"wp:attachment":[{"href":"https:\/\/nexergroup.com\/br\/wp-json\/wp\/v2\/media?parent=3174"}],"wp:term":[{"taxonomy":"category","embeddable":true,"href":"https:\/\/nexergroup.com\/br\/wp-json\/wp\/v2\/categories?post=3174"}],"curies":[{"name":"wp","href":"https:\/\/api.w.org\/{rel}","templated":true}]}}