{"id":1252,"date":"2023-01-06T16:26:11","date_gmt":"2023-01-06T19:26:11","guid":{"rendered":"https:\/\/nexergroup.com\/br\/?page_id=1252"},"modified":"2026-01-05T16:05:31","modified_gmt":"2026-01-05T19:05:31","slug":"data-insights","status":"publish","type":"page","link":"https:\/\/nexergroup.com\/br\/solucoes\/data-insights\/","title":{"rendered":"Data Insights"},"content":{"rendered":"\n\n<div class=\"nexer-services-hero nexer-services-hero__theme-black has-media has-subtitle  wp-block-nexer-blocks-services-hero\">\n\t\t\t\t\t\t<div\n\t\t\t\tclass=\"nexer-services-hero-bg nexer-services-hero-bg-image lazy-loading\"\n\t\t\t\tstyle=\"background-image: url('https:\/\/nexergroup.com\/br\/wp-content\/uploads\/sites\/17\/2025\/08\/Nexer_abstract_world-scaled.jpeg'); background-position: 50% 50%;\"\n\t\t\t\t$bg_image_dataset data-lazyloading-no-opacity=\"true\"\n\t\t\t>\n\t\t\t<\/div>\n\t\t\t\t<div class=\"nexer-services-hero-content gradient\">\n\t\t<div class=\"nexer-gp-1 row g-0\">\n\t\t\t<div class=\"col-md-19 offset-xl-1 offset-xxxl-2 col-xxxl-16\">\n\t\t\t\t<h1 class=\"nexer-services-hero-title  nexer-hyphens\">Data Insights<\/h1>\n\t\t\t\t<h2 class='nexer-services-hero-subtitle '>DATA INSIGHTS COM IA: DA PRODUTIVIDADE INDIVIDUAL \u00c0 ESCALA CORPORATIVA<br><br>Transforme sua organiza\u00e7\u00e3o com insights inteligentes, conectando pessoas, dados, processos e agentes automatizados.<\/h$>\t\t\t<\/div>\n\t\t<\/div>\n\t<\/div>\n\t<\/div>\n\n\n    <div class=\"nexer-breadcrumb nexer-gp-1 nexer-breadcrumb__margin-top   \">\n        <div class=\"nexer-breadcrumb__wrapper\">\n            <div class=\"nexer-breadcrumb__level\"><a href=\"https:\/\/nexergroup.com\/br\/\">Start<\/a><span>\/<\/span><\/div>\n                                        <div class=\"nexer-breadcrumb__level nexer-breadcrumb__level-last\"><a href=\"https:\/\/nexergroup.com\/br\/solucoes\/\">Solu\u00e7\u00f5es<\/a><span>\/<\/span><\/div>\n                                <a href=\"https:\/\/nexergroup.com\/br\/solucoes\/data-insights\/\" class=\"nexer-breadcrumb__level\">Data Insights<\/a>\n        <\/div>\n        <div class=\"nexer-popover nexer-breadcrumb__popover\">\n                    <\/div>\n    <\/div>\n\n\n\n    <div class=\"nexer-service-media-text nexer-gp-1 nexer-service-media-text__theme-light-gray nexer-service-media-text-media-left\">\n        <div class=\"nexer-service-media-text-content row g-0 \">\n            <div class=\"col-24 col-lg-12 col-xl-11 col-xxl-10 \" >\n                <span role=\"img\" aria-label=\"JORNADA DE IA NA EMPRESA\" class=\"nexer-service-media-text-img lazy-loading \" data-src-phone=\"https:\/\/nexergroup.com\/br\/wp-content\/uploads\/sites\/17\/2025\/08\/women-ai-540x303.jpeg\" data-src-tablet=\"https:\/\/nexergroup.com\/br\/wp-content\/uploads\/sites\/17\/2025\/08\/women-ai-768x430.jpeg\" data-src-desktop=\"https:\/\/nexergroup.com\/br\/wp-content\/uploads\/sites\/17\/2025\/08\/women-ai-768x430.jpeg\" data-src-widescreen=\"https:\/\/nexergroup.com\/br\/wp-content\/uploads\/sites\/17\/2025\/08\/women-ai-1920x1076.jpeg\" data-src-full=\"https:\/\/nexergroup.com\/br\/wp-content\/uploads\/sites\/17\/2025\/08\/women-ai-scaled.jpeg\"  style=\"background-position: 50% 50%;\">\n\t\t\t\t\t<img class=\"lazy-loading\" data-src-phone=\"https:\/\/nexergroup.com\/br\/wp-content\/uploads\/sites\/17\/2025\/08\/women-ai-540x303.jpeg\" data-src-tablet=\"https:\/\/nexergroup.com\/br\/wp-content\/uploads\/sites\/17\/2025\/08\/women-ai-768x430.jpeg\" data-src-desktop=\"https:\/\/nexergroup.com\/br\/wp-content\/uploads\/sites\/17\/2025\/08\/women-ai-768x430.jpeg\" data-src-widescreen=\"https:\/\/nexergroup.com\/br\/wp-content\/uploads\/sites\/17\/2025\/08\/women-ai-1920x1076.jpeg\" data-src-full=\"https:\/\/nexergroup.com\/br\/wp-content\/uploads\/sites\/17\/2025\/08\/women-ai-scaled.jpeg\"  width=\"2560\" height=\"1435\" aria-hidden=\"true\" alt=\"JORNADA DE IA NA EMPRESA\"\/>\n\t\t\t\t<\/span>            <\/div>\n            <div class=\"col-24 col-lg-11 col-xl-11 offset-lg-1 offset-xl-2 col-xxxl-10 offset-xxxl-4 d-flex\">\n                <div class=\"nexer-service-media-text__wrapper\">\n                    <h2 class=\"nexer-service-media-text__title \">JORNADA DE IA NA EMPRESA<br><\/h2>\n                    <div class=\"nexer-service-media-text__cta-wrapper\">\n                        <p class=\"nexer-service-media-text__body-text \">COMECE PELO COLABORADOR. ORQUESTRE TIMES. INTEGRE PROCESSOS. ESCALE COM AGENTES<br><br>COLABORADOR: M365 Copilot para gerar insights e automatizar tarefas di\u00e1rias.<br><br>TIMES: Power Platform com IA para orquestrar fluxos, dados e equipes.<br><br>PROCESSOS: IA conectada a dados corporativos com seguran\u00e7a e contexto.<br><br>AGENTES: Copilot Studio para escalar agentes inteligentes e aut\u00f4nomos<br><\/p>\n                                                                                                    <div class=\"nexer-button-wrapper\">\n                                <a href=\"#anchor-scroll-item-id-form\" class=\"nexer-button no-barba\" target=\"_self\" rel=\"noreferrer noopener\">\n                                    <span>Fale conosco<\/span>\n                                    <svg width=\"40\" height=\"40\" viewBox=\"0 0 40 40\" fill=\"none\" xmlns=\"http:\/\/www.w3.org\/2000\/svg\">\n                                    <path class=\"arrow-svg\" d=\"M35 17.5832V22.4165L24.1667 29.5832V27.5832L34.3333 20.8332H5V19.1665H34.3333L24.1667 12.4165V10.4165L35 17.5832Z\" fill=\"#5A1EA0\"\/>\n                                    <\/svg>\n                                <\/a>\n                            <\/div>\n                                            <\/div>\n                <\/div>\n            <\/div>\n        <\/div>\n    <\/div>\n\n\n\n    <div class=\"nexer-service-media-text nexer-gp-1 default nexer-service-media-text-media-right\">\n        <div class=\"nexer-service-media-text-content row g-0 \">\n            <div class=\"col-24 col-lg-12 col-xl-11 col-xxxl-10 offset-lg-1 offset-xl-2 \" >\n                <span role=\"img\" aria-label=\"plataforma de dados moderna\" class=\"nexer-service-media-text-img lazy-loading \" data-src-phone=\"https:\/\/nexergroup.com\/br\/wp-content\/uploads\/sites\/17\/2025\/05\/AdobeStock_1033810949-540x322.jpeg\" data-src-tablet=\"https:\/\/nexergroup.com\/br\/wp-content\/uploads\/sites\/17\/2025\/05\/AdobeStock_1033810949-768x457.jpeg\" data-src-desktop=\"https:\/\/nexergroup.com\/br\/wp-content\/uploads\/sites\/17\/2025\/05\/AdobeStock_1033810949-768x457.jpeg\" data-src-widescreen=\"https:\/\/nexergroup.com\/br\/wp-content\/uploads\/sites\/17\/2025\/05\/AdobeStock_1033810949-1920x1143.jpeg\" data-src-full=\"https:\/\/nexergroup.com\/br\/wp-content\/uploads\/sites\/17\/2025\/05\/AdobeStock_1033810949-scaled.jpeg\"  style=\"background-position: 50% 50%;\">\n\t\t\t\t\t<img class=\"lazy-loading\" data-src-phone=\"https:\/\/nexergroup.com\/br\/wp-content\/uploads\/sites\/17\/2025\/05\/AdobeStock_1033810949-540x322.jpeg\" data-src-tablet=\"https:\/\/nexergroup.com\/br\/wp-content\/uploads\/sites\/17\/2025\/05\/AdobeStock_1033810949-768x457.jpeg\" data-src-desktop=\"https:\/\/nexergroup.com\/br\/wp-content\/uploads\/sites\/17\/2025\/05\/AdobeStock_1033810949-768x457.jpeg\" data-src-widescreen=\"https:\/\/nexergroup.com\/br\/wp-content\/uploads\/sites\/17\/2025\/05\/AdobeStock_1033810949-1920x1143.jpeg\" data-src-full=\"https:\/\/nexergroup.com\/br\/wp-content\/uploads\/sites\/17\/2025\/05\/AdobeStock_1033810949-scaled.jpeg\"  width=\"2560\" height=\"1525\" aria-hidden=\"true\" alt=\"plataforma de dados moderna\"\/>\n\t\t\t\t<\/span>            <\/div>\n            <div class=\"col-24 col-lg-11 col-xl-10 col-xxxl-10 d-flex offset-xl-1 offset-xxxl-2\">\n                <div class=\"nexer-service-media-text__wrapper\">\n                    <h2 class=\"nexer-service-media-text__title nexer-hyphens\">plataforma de dados moderna<br><\/h2>\n                    <div class=\"nexer-service-media-text__cta-wrapper\">\n                        <p class=\"nexer-service-media-text__body-text \">ESTRUTURE SUA INTELIG\u00caNCIA DE DADOS COM GOVERNAN\u00c7A, SEGURAN\u00c7A E ESCALABILIDADE<br><br>Dataverse e Azure Data Platform como base.<br><br>Centraliza\u00e7\u00e3o de dados com qualidade, integra\u00e7\u00e3o e tratamento inteligente.<br><br>Prepara\u00e7\u00e3o para a IA com estrutura de dados limpas e confi\u00e1veis.<br><br>Visualiza\u00e7\u00f5es e dashboards conectados ao neg\u00f3cio.<br><br>&#8220;UMA PLATAFORMA DE DADOS MODERNA \u00c9 O SOLO F\u00c9RTIL PARA UMA IA PODEROSA.&#8221;<\/p>\n                                                                                                    <div class=\"nexer-button-wrapper\">\n                                <a href=\"#anchor-scroll-item-id-form\" class=\"nexer-button no-barba\" target=\"_self\" rel=\"noreferrer noopener\">\n                                    <span>Pe\u00e7a um or\u00e7amento<\/span>\n                                    <svg width=\"40\" height=\"40\" viewBox=\"0 0 40 40\" fill=\"none\" xmlns=\"http:\/\/www.w3.org\/2000\/svg\">\n                                    <path class=\"arrow-svg\" d=\"M35 17.5832V22.4165L24.1667 29.5832V27.5832L34.3333 20.8332H5V19.1665H34.3333L24.1667 12.4165V10.4165L35 17.5832Z\" fill=\"#5A1EA0\"\/>\n                                    <\/svg>\n                                <\/a>\n                            <\/div>\n                                            <\/div>\n                <\/div>\n            <\/div>\n        <\/div>\n    <\/div>\n\n\n\n\t<div class=\"nexer-headline nexer-gp-1 nexer-headline__theme-black has-pretitle nexer-headline__title-alignment__left\">\n\t\t<div class='nexer-headline-pretitle offset-xl-1 col-xl-20 col-xxl-18 offset-xxxl-2 col-xxxl-20'>   Ofertas pr\u00e1ticas para dar os primeiros passos com IA, dados e agentes inteligentes<\/div>\t\t<h4 class=\"nexer-headline-title offset-xl-1 col-xl-20 col-xxl-18 offset-xxxl-2 col-xxxl-20 \">Como Come\u00e7ar com a Nexer<\/h4>\n\t<\/div>\n\n\n\n\n\n\n\n\n\n<div class=\"nexer-promos nexer-gp-1  has-two-items\">\n\t\n\n<div class=\"nexer-promo   \">\n\t<h2 class=\"nexer-hyphens nexer-promo-title\">nexer copilot studio<br>discovery &amp; enablement<\/h2>\n\t<p class=\"\">PREPARE-SE PARA CRIAR AGENTES INTELIGENTES COM O COPILOT STUDIO<br><br>O QUE EST\u00c1 INCLUSO:<br><br><strong>Workshop t\u00e9cnico guiado<\/strong> remoto ou presencial<br><strong>Demonstra\u00e7\u00e3o de uso real<\/strong> com fontes de dados e fluxos de neg\u00f3cios<br><strong>Explora\u00e7\u00e3o de casos de uso personalizados<\/strong> para sua empresa<br><strong>Habilita\u00e7\u00e3o de um agente Copilot Studio piloto<\/strong>, usando fluxos Power Automate e integra\u00e7\u00e3o com canais (como Teams, sites ou WhatsApp)<br><br>OBJETIVO:<br><br>Capacitar as equipes de neg\u00f3cio e TI para desenharem e publicarem seus pr\u00f3prios Copilots \u2014 desde assistentes de atendimento at\u00e9 agentes que executam tarefas automaticamente com IA e dados conectados.<br><br><\/p> \t<a href='#anchor-scroll-item-id-form' target='' rel='' class='nexer-promo-link no-barba'><span>Fale com um consultor<\/span>\t\t<svg width=\"9\" height=\"12\" viewBox=\"0 0 9 12\" fill=\"none\" xmlns=\"http:\/\/www.w3.org\/2000\/svg\">\n\t\t\t<path class=\"arrow\" d=\"M0.5 0V1.73333L7.3 6L0.5 10.2667V12L8.5 7V5L0.5 0Z\" fill=\"#5A1EA0\"><\/path>\n\t\t<\/svg><\/a><\/div>\n\n\n\n<div class=\"nexer-promo   \">\n\t<h2 class=\"nexer-hyphens nexer-promo-title\">nexer fastforward <br>para azure iot<\/h2>\n\t<p class=\"\">DO DESAFIO AO PILOTO FUNCIONAL EM AT\u00c9 10 SEMANAS <br><br>O QUE EST\u00c1 INCLUSO:<br><br><strong>Diagn\u00f3stico do cen\u00e1rio <\/strong>e arquitetura com Azure IoT<br><strong>Desenvolvimento <\/strong>de um piloto funcional (PoC)<br><strong>Provisionamento <\/strong>seguro dos dispositivos conectados<br><strong>Dashboards <\/strong>em tempo real e entrega do PoC validado, acompanhado de um plano de evolu\u00e7\u00e3o.<br><br><br>OBJETIVO:<br><br>Por meio de um piloto funcional, conectamos dispositivos, processamos dados em tempo real e entregamos insights que geram efici\u00eancia. Tudo isso com seguran\u00e7a, arquitetura Azure e vis\u00e3o de escala.<br><\/p> \t<a href='#anchor-scroll-item-id-form' target='' rel='' class='nexer-promo-link no-barba'><span>FALE COM UM CONSULTOR<\/span>\t\t<svg width=\"9\" height=\"12\" viewBox=\"0 0 9 12\" fill=\"none\" xmlns=\"http:\/\/www.w3.org\/2000\/svg\">\n\t\t\t<path class=\"arrow\" d=\"M0.5 0V1.73333L7.3 6L0.5 10.2667V12L8.5 7V5L0.5 0Z\" fill=\"#5A1EA0\"><\/path>\n\t\t<\/svg><\/a><\/div>\n\n\n\n<div class=\"nexer-promo   \">\n\t<h2 class=\"nexer-hyphens nexer-promo-title\">NEXER X-IAD<br>WORKSHOP POWER PLATFORM EM 1 DIA<\/h2>\n\t<p class=\"\">CAPACITE SUA EQUIPE PARA CRIAR SOLU\u00c7\u00d5ES USANDO A POWER PLATFORM.<br><br>O QUE EST\u00c1 INCLUSO:<br><br><strong>Sess\u00e3o guiada<\/strong> de 6 horas com especialistas Nexer, em hor\u00e1rio comercial<br><strong>Hands-on<\/strong> para cria\u00e7\u00e3o de uma solu\u00e7\u00e3o real com Power Apps, Power Automate ou Power BI<br><strong>Suporte t\u00e9cnico<\/strong> ao vivo para d\u00favidas e boas pr\u00e1ticas durante a constru\u00e7\u00e3o<br><strong>Material de apoio<\/strong> e ambiente de demonstra\u00e7\u00e3o (sandbox) para pr\u00e1tica segura<br><br><br><br>OBJETIVO:<br><br>Treinar equipes que j\u00e1 conhecem a solu\u00e7\u00e3o para aplicar o conhecimento na pr\u00e1tica, criando seu primeiro produto e refor\u00e7ando o uso da Power Platform na empresa.<br><\/p> \t<a href='#anchor-scroll-item-id-form' target='' rel='' class='nexer-promo-link no-barba'><span>FALE COM UM CONSULTOR<\/span>\t\t<svg width=\"9\" height=\"12\" viewBox=\"0 0 9 12\" fill=\"none\" xmlns=\"http:\/\/www.w3.org\/2000\/svg\">\n\t\t\t<path class=\"arrow\" d=\"M0.5 0V1.73333L7.3 6L0.5 10.2667V12L8.5 7V5L0.5 0Z\" fill=\"#5A1EA0\"><\/path>\n\t\t<\/svg><\/a><\/div>\n\n\n\n<div class=\"nexer-promo   \">\n\t<h2 class=\"nexer-hyphens nexer-promo-title\">NEXER WORK365 <br>PRODUTIVIDADE COM COPILOT NO M365<\/h2>\n\t<p class=\"\">DESBLOQUEIE O PODER DA IA PARA TRANSFORMAR O DIA-A-DIA DOS TIMES.<br><br>O QUE EST\u00c1 INCLUSO:<br><br><strong>Demonstra\u00e7\u00f5es<\/strong> pr\u00e1ticas de uso do Copilot no Microsoft 365 em tarefas di\u00e1rias do departamento<br><strong>Exerc\u00edcios interativos<\/strong> com foco em produtividade real: e-mails, relat\u00f3rios e apresenta\u00e7\u00f5es, cria\u00e7\u00e3o e an\u00e1lise de texto com IA.<br><strong>Reuni\u00f5es inteligentes <\/strong>com Microsoft Teams (resumos, a\u00e7\u00f5es e organiza\u00e7\u00e3o)<br><strong>Dicas para automa\u00e7\u00f5es com IA<\/strong>, organiza\u00e7\u00e3o de arquivos e prioriza\u00e7\u00e3o inteligente<br><br>OBJETIVO:<br><br>Ensinar os colaboradores a aproveitarem o m\u00e1ximo do Copilot no Microsoft 365, promovendo ganho de tempo, produtividade e colabora\u00e7\u00e3o com a IA como aliada.<br><br><br><\/p> \t<a href='#anchor-scroll-item-id-form' target='' rel='' class='nexer-promo-link no-barba'><span>FALE COM UM CONSULTOR<\/span>\t\t<svg width=\"9\" height=\"12\" viewBox=\"0 0 9 12\" fill=\"none\" xmlns=\"http:\/\/www.w3.org\/2000\/svg\">\n\t\t\t<path class=\"arrow\" d=\"M0.5 0V1.73333L7.3 6L0.5 10.2667V12L8.5 7V5L0.5 0Z\" fill=\"#5A1EA0\"><\/path>\n\t\t<\/svg><\/a><\/div>\n\n<\/div>\n\n\n<div id=\"anchor-scroll-item-id-form\" class=\"nexer-anchor__scroll-item\">\n<\/div>\n\n\n\n\n\n\n<div class=\"nexer-contact-form   \" id=\"nexer-contact-form\" data-lang=\"\">\n    <div class=\"row g-0\">\n        <div class=\"col-22 offset-1 col-md-20 col-md-18 col-xl-9 offset-xl-1 offset-xxl-1 offset-md-2 offset-lg-3\">\n            <h2 class=\"nexer-contact-form__title nexer-hyphens\">Ative sua jornada <\/h2>\n            <p class=\"nexer-contact-form__body-text \">Pronto para transformar seus dados em intelig\u00eancia real e gerar impacto com IA? Fale agora com um dos nossos especialistas e descubra como come\u00e7ar.<\/p>\n                <div class=\"nexer-contact-form-arrow\">\n        <svg width=\"126\" height=\"82\" viewBox=\"0 0 126 82\" fill=\"none\" xmlns=\"http:\/\/www.w3.org\/2000\/svg\">\n            <g clip-path=\"url(#clip0)\">\n                <path d=\"M125.25 31.2728V51.584L80.2917 81.7005V73.2959L122.483 44.9303H0.75V37.9265H122.483L80.2917 9.56087V1.15625L125.25 31.2728Z\"\n                        fill=\"#18126A\"\/>\n            <\/g>\n            <defs>\n                <clipPath id=\"clip0\">\n                    <rect width=\"126\" height=\"81.0084\" fill=\"white\" transform=\"translate(0 0.925781)\"\/>\n                <\/clipPath>\n            <\/defs>\n        <\/svg>\n    <\/div>\n        <\/div>\n        <div class=\"col-22 offset-1 col-md-20 col-lg-18 col-xl-11 col-xxl-11 offset-xl-1 offset-md-2 offset-lg-3\">\n            <div class=\"nexer-hubspot-form-wrapper nexer-form-dynamics\">\n                \n<link rel=\"stylesheet\" href=\"https:\/\/unpkg.com\/intl-tel-input@18.2.1\/build\/css\/intlTelInput.css\"\/>\n\n\n<script>\n(function initDynamicAssets() {\n  function DynamicsScript() {\n    const head = document.head || document.getElementsByTagName('head')[0];\n    const externalScriptUrl = 'https:\/\/cxppusa1formui01cdnsa01-endpoint.azureedge.net\/eur\/FormLoader\/FormLoader.bundle.js';\n\n    if (externalScriptUrl && !document.querySelector(`script[src=\"${externalScriptUrl}\"]`)) {\n      const script = document.createElement('script');\n      script.src = externalScriptUrl;\n      script.defer = true;\n      head.appendChild(script);\n    }\n\n    if (!document.documentElement.lang) {\n      document.documentElement.lang = navigator.language || navigator.userLanguage || 'en';\n    }\n  }\n\n  if (document.readyState === 'loading') {\n    document.addEventListener('DOMContentLoaded', DynamicsScript);\n  } else {\n    DynamicsScript();\n  }\n})();\n<\/script>\n\n<script src=\"https:\/\/unpkg.com\/intl-tel-input@18.2.1\/build\/js\/intlTelInput.min.js\"><\/script>\n<script src=\"https:\/\/unpkg.com\/intl-tel-input@18.2.1\/build\/js\/utils.js\"><\/script>\n\n            <div data-form-block-id=\"4a501870-695e-f011-bec2-6045bde1bb88\"\n            data-form-type=\"crm\"\n            data-form-id=\"4a501870-695e-f011-bec2-6045bde1bb88\"\n            data-form-api-url=\"https:\/\/public-eur.mkt.dynamics.com\/api\/v1.0\/orgs\/daadcec4-20bc-4ff6-9c24-7ab296b82198\/landingpageforms\"\n            data-cached-form-url=\"https:\/\/assets-eur.mkt.dynamics.com\/daadcec4-20bc-4ff6-9c24-7ab296b82198\/digitalassets\/forms\/4a501870-695e-f011-bec2-6045bde1bb88\"\n\t\t\t\t\t\t>\n\t\t<\/div>\n\t\t<div id=\"d4a501870-695e-f011-bec2-6045bde1bb88\"><\/div>\n\t\t<div\n\t\t\tclass=\"d365-crm-config\"\n\t\t\tstyle=\"display:none\"\n\t\t\tdata-form-id=\"4a501870-695e-f011-bec2-6045bde1bb88\"\n\t\t\tdata-hostname=\"132351c0a55c47a2a96b0ed325ab5172.svc.dynamics.com\"\n\t\t\tdata-website-id=\"\"\n\t\t\tdata-form-api-url=\"https:\/\/public-eur.mkt.dynamics.com\/api\/v1.0\/orgs\/daadcec4-20bc-4ff6-9c24-7ab296b82198\/landingpageforms\"\n\t\t\tdata-cached-form-url=\"https:\/\/assets-eur.mkt.dynamics.com\/daadcec4-20bc-4ff6-9c24-7ab296b82198\/digitalassets\/forms\/4a501870-695e-f011-bec2-6045bde1bb88\t\t\t\">\n        <\/div>\n        <\/div>\n\n\n\n                \n            <\/div>\n        <\/div>\n    <\/div>\n<\/div>","protected":false},"excerpt":{"rendered":"","protected":false},"author":3,"featured_media":0,"parent":138,"menu_order":40,"comment_status":"closed","ping_status":"closed","template":"","meta":{"_acf_changed":false,"content-type":"","inline_featured_image":false,"footnotes":""},"categories":[23],"class_list":["post-1252","page","type-page","status-publish","hentry","category-noticias"],"acf":[],"yoast_head":"<!-- This site is optimized with the Yoast SEO Premium plugin v26.7 (Yoast SEO v27.1.1) - https:\/\/yoast.com\/product\/yoast-seo-premium-wordpress\/ -->\n<title>Job not found - Nexer Group<\/title>\n<meta name=\"robots\" content=\"index, follow, max-snippet:-1, max-image-preview:large, max-video-preview:-1\" \/>\n<meta property=\"og:locale\" content=\"en_US\" \/>\n<meta property=\"og:type\" content=\"article\" \/>\n<meta property=\"og:title\" content=\"Job not found - Nexer Group\" \/>\n<meta property=\"og:site_name\" content=\"Nexer Group - Brasil\" \/>\n<meta property=\"article:modified_time\" content=\"2026-01-05T19:05:31+00:00\" \/>\n<meta name=\"twitter:card\" content=\"summary_large_image\" \/>\n<script type=\"application\/ld+json\" class=\"yoast-schema-graph\">{\"@context\":\"https:\/\/schema.org\",\"@graph\":[{\"@type\":\"WebPage\",\"@id\":\"https:\/\/nexergroup.com\/br\/solucoes\/data-insights\/\",\"url\":\"https:\/\/nexergroup.com\/br\/solucoes\/data-insights\/\",\"name\":\"Data Insights - Nexer Group - Brasil\",\"isPartOf\":{\"@id\":\"https:\/\/nexergroup.com\/br\/#website\"},\"datePublished\":\"2023-01-06T19:26:11+00:00\",\"dateModified\":\"2026-01-05T19:05:31+00:00\",\"description\":\"Transforme seus dados em insights valiosos com modelagem preditiva, machine learning e visualiza\u00e7\u00e3o. Tenha o futuro nas suas m\u00e3os.\",\"inLanguage\":\"en-US\",\"potentialAction\":[{\"@type\":\"ReadAction\",\"target\":[\"https:\/\/nexergroup.com\/br\/solucoes\/data-insights\/\"]}]},{\"@type\":\"WebSite\",\"@id\":\"https:\/\/nexergroup.com\/br\/#website\",\"url\":\"https:\/\/nexergroup.com\/br\/\",\"name\":\"Nexer Group - Brasil\",\"description\":\"Nexer Enterprise Applications\",\"potentialAction\":[{\"@type\":\"SearchAction\",\"target\":{\"@type\":\"EntryPoint\",\"urlTemplate\":\"https:\/\/nexergroup.com\/br\/?s={search_term_string}\"},\"query-input\":{\"@type\":\"PropertyValueSpecification\",\"valueRequired\":true,\"valueName\":\"search_term_string\"}}],\"inLanguage\":\"en-US\"}]}<\/script>\n<!-- \/ Yoast SEO Premium plugin. -->","yoast_head_json":{"title":"Job not found - Nexer Group","robots":{"index":"index","follow":"follow","max-snippet":"max-snippet:-1","max-image-preview":"max-image-preview:large","max-video-preview":"max-video-preview:-1"},"og_locale":"en_US","og_type":"article","og_title":"Job not found - Nexer Group","og_site_name":"Nexer Group - Brasil","article_modified_time":"2026-01-05T19:05:31+00:00","twitter_card":"summary_large_image","schema":{"@context":"https:\/\/schema.org","@graph":[{"@type":"WebPage","@id":"https:\/\/nexergroup.com\/br\/solucoes\/data-insights\/","url":"https:\/\/nexergroup.com\/br\/solucoes\/data-insights\/","name":"Data Insights - Nexer Group - Brasil","isPartOf":{"@id":"https:\/\/nexergroup.com\/br\/#website"},"datePublished":"2023-01-06T19:26:11+00:00","dateModified":"2026-01-05T19:05:31+00:00","description":"Transforme seus dados em insights valiosos com modelagem preditiva, machine learning e visualiza\u00e7\u00e3o. Tenha o futuro nas suas m\u00e3os.","inLanguage":"en-US","potentialAction":[{"@type":"ReadAction","target":["https:\/\/nexergroup.com\/br\/solucoes\/data-insights\/"]}]},{"@type":"WebSite","@id":"https:\/\/nexergroup.com\/br\/#website","url":"https:\/\/nexergroup.com\/br\/","name":"Nexer Group - Brasil","description":"Nexer Enterprise Applications","potentialAction":[{"@type":"SearchAction","target":{"@type":"EntryPoint","urlTemplate":"https:\/\/nexergroup.com\/br\/?s={search_term_string}"},"query-input":{"@type":"PropertyValueSpecification","valueRequired":true,"valueName":"search_term_string"}}],"inLanguage":"en-US"}]}},"lang":"pt","translations":{"pt":1252},"pll_sync_post":[],"_links":{"self":[{"href":"https:\/\/nexergroup.com\/br\/wp-json\/wp\/v2\/pages\/1252","targetHints":{"allow":["GET"]}}],"collection":[{"href":"https:\/\/nexergroup.com\/br\/wp-json\/wp\/v2\/pages"}],"about":[{"href":"https:\/\/nexergroup.com\/br\/wp-json\/wp\/v2\/types\/page"}],"author":[{"embeddable":true,"href":"https:\/\/nexergroup.com\/br\/wp-json\/wp\/v2\/users\/3"}],"replies":[{"embeddable":true,"href":"https:\/\/nexergroup.com\/br\/wp-json\/wp\/v2\/comments?post=1252"}],"version-history":[{"count":29,"href":"https:\/\/nexergroup.com\/br\/wp-json\/wp\/v2\/pages\/1252\/revisions"}],"predecessor-version":[{"id":105550,"href":"https:\/\/nexergroup.com\/br\/wp-json\/wp\/v2\/pages\/1252\/revisions\/105550"}],"up":[{"embeddable":true,"href":"https:\/\/nexergroup.com\/br\/wp-json\/wp\/v2\/pages\/138"}],"wp:attachment":[{"href":"https:\/\/nexergroup.com\/br\/wp-json\/wp\/v2\/media?parent=1252"}],"wp:term":[{"taxonomy":"category","embeddable":true,"href":"https:\/\/nexergroup.com\/br\/wp-json\/wp\/v2\/categories?post=1252"}],"curies":[{"name":"wp","href":"https:\/\/api.w.org\/{rel}","templated":true}]}}