{"id":101375,"date":"2024-03-13T19:19:52","date_gmt":"2024-03-13T22:19:52","guid":{"rendered":"https:\/\/nexergroup.com\/br\/?page_id=101375"},"modified":"2025-12-09T08:05:01","modified_gmt":"2025-12-09T11:05:01","slug":"cookie-policy","status":"publish","type":"page","link":"https:\/\/nexergroup.com\/br\/cookie-policy\/","title":{"rendered":"Cookie Policy"},"content":{"rendered":"\n\n\n<div\n\tclass=\" nexer-hero lazy-loading wp-block-nexer-blocks-hero\"\tdata-src-phone=\"https:\/\/nexergroup.com\/br\/wp-content\/uploads\/sites\/17\/2022\/09\/medium-Nexer-3DGraphics-Motive03-Black-3-432x506.png\" data-src-tablet=\"https:\/\/nexergroup.com\/br\/wp-content\/uploads\/sites\/17\/2022\/09\/medium-Nexer-3DGraphics-Motive03-Black-3-768x432.png\" data-src-desktop=\"\" data-src-widescreen=\"\" data-src-full=\"https:\/\/nexergroup.com\/br\/wp-content\/uploads\/sites\/17\/2022\/09\/medium-Nexer-3DGraphics-Motive03-Black-3.png\" \tstyle=\"background-position: 50% 50%;\"\tdata-lazyloading-no-opacity=\"true\"\n>\n\t\t<div class=\"nexer-gp-1 nexer-hero-content  row g-0\">\n\t\t<h1 class=\"nexer-hero-title col-md-19 col-lg-18 offset-xl-1 offset-xxxl-2\"><strong>Pol\u00edtica de Cookie<\/strong><\/h1>\n\t\t<div class=\"nexer-hero-text col-md-19 col-lg-18 offset-xl-1 offset-xxxl-2\"><\/div>\n\t<\/div>\n\t<\/div>\n\n\n\n<p>Ao visitar nosso site, as informa\u00e7\u00f5es podem ser armazenadas no seu navegador, na sua maioria sob a forma de cookies. Esta informa\u00e7\u00e3o pode ser sobre as suas prefer\u00eancias ou sobre o seu dispositivo e \u00e9 utilizada para personalizar o conte\u00fado e melhorar a sua experi\u00eancia. Alguns cookies s\u00e3o essenciais para o correto funcionamento do site, outros ajudam a melhorar a sua experi\u00eancia, fornecendo-lhe informa\u00e7\u00f5es sobre a forma como voc\u00ea utiliza nossos servi\u00e7os. Para mais informa\u00e7\u00f5es, por favor visite nossa\u00a0<a href=\"https:\/\/nexergroup.com\/br\/privacy-policy\/\" target=\"_blank\" rel=\"noreferrer noopener\">Pol\u00edtica de privacidade<\/a>.<\/p>\n\n\n\n<p><strong>COOKIES NECESS\u00c1RIOS<\/strong><\/p>\n\n\n\n<p>Estes cookies s\u00e3o necess\u00e1rios para que o site funcione e n\u00e3o podem ser desativados. S\u00e3o normalmente definidos para fornecer um servi\u00e7o que tenha solicitado, tal como personalizar as suas prefer\u00eancias de privacidade, iniciar sess\u00e3o ou preencher formul\u00e1rios.<\/p>\n\n\n\n<p><strong>COOKIES DE DESEMPENHO<\/strong><\/p>\n\n\n\n<p>Estes cookies permitem a NEXER ENTERPRISE APPLICATIONS contar as visitas e as fontes de tr\u00e1fego para que o desempenho do site possa ser medido e melhorado. Ajudam a NEXER ENTERPRISE APPLICATIONS a saber quais s\u00e3o as p\u00e1ginas mais e menos populares e a ver como os visitantes se movimentam no site.<\/p>\n\n\n\n<p><strong>COOKIES FUNCIONAIS<\/strong><\/p>\n\n\n\n<p>Estes cookies permitem que o site proporcione uma funcionalidade e personaliza\u00e7\u00e3o melhoradas. Podem ser estabelecidos pela NEXER ENTERPRISE APPLICATIONS ou por fornecedores terceiros cujos servi\u00e7os tenham sido acrescentados ao s\u00edtio. Desativando estes cookies, a experi\u00eancia personalizada pode n\u00e3o funcionar corretamente.<\/p>\n\n\n\n<p><strong>COOKIES DE PUBLICIDADE<\/strong><\/p>\n\n\n\n<p>Estes cookies podem ser definidos por parceiros publicit\u00e1rios. S\u00e3o utilizados por essas empresas para recolher informa\u00e7\u00f5es suas e do seu dispositivo para exibir an\u00fancios baseados em t\u00f3picos que lhe interessam noutros sites.<\/p>\n\n\n\n<p><\/p>\n","protected":false},"excerpt":{"rendered":"<p>Ao visitar nosso site, as informa\u00e7\u00f5es podem ser armazenadas no seu navegador, na sua maioria sob a forma de cookies. Esta informa\u00e7\u00e3o pode ser sobre as suas prefer\u00eancias ou sobre o seu dispositivo e \u00e9 utilizada para personalizar o conte\u00fado e melhorar a sua experi\u00eancia. Alguns cookies s\u00e3o essenciais para o correto funcionamento do site, [&hellip;]<\/p>\n","protected":false},"author":71,"featured_media":0,"parent":0,"menu_order":0,"comment_status":"closed","ping_status":"closed","template":"","meta":{"_acf_changed":false,"content-type":"","inline_featured_image":false,"footnotes":""},"categories":[],"class_list":["post-101375","page","type-page","status-publish","hentry"],"acf":[],"yoast_head":"<!-- This site is optimized with the Yoast SEO Premium plugin v26.7 (Yoast SEO v27.1.1) - https:\/\/yoast.com\/product\/yoast-seo-premium-wordpress\/ -->\n<title>Job not found - Nexer Group<\/title>\n<meta name=\"robots\" content=\"index, follow, max-snippet:-1, max-image-preview:large, max-video-preview:-1\" \/>\n<meta property=\"og:locale\" content=\"en_US\" \/>\n<meta property=\"og:type\" content=\"article\" \/>\n<meta property=\"og:title\" content=\"Job not found - Nexer Group\" \/>\n<meta property=\"og:site_name\" content=\"Nexer Group - Brasil\" \/>\n<meta property=\"article:modified_time\" content=\"2025-12-09T11:05:01+00:00\" \/>\n<meta name=\"twitter:card\" content=\"summary_large_image\" \/>\n<meta name=\"twitter:label1\" content=\"Est. reading time\" \/>\n\t<meta name=\"twitter:data1\" content=\"2 minutes\" \/>\n<script type=\"application\/ld+json\" class=\"yoast-schema-graph\">{\"@context\":\"https:\/\/schema.org\",\"@graph\":[{\"@type\":\"WebPage\",\"@id\":\"https:\/\/nexergroup.com\/br\/cookie-policy\/\",\"url\":\"https:\/\/nexergroup.com\/br\/cookie-policy\/\",\"name\":\"Cookie Policy - Nexer Group - Brasil\",\"isPartOf\":{\"@id\":\"https:\/\/nexergroup.com\/br\/#website\"},\"datePublished\":\"2024-03-13T22:19:52+00:00\",\"dateModified\":\"2025-12-09T11:05:01+00:00\",\"description\":\"POL\u00cdTICA DE COOKIES\",\"inLanguage\":\"en-US\",\"potentialAction\":[{\"@type\":\"ReadAction\",\"target\":[\"https:\/\/nexergroup.com\/br\/cookie-policy\/\"]}]},{\"@type\":\"WebSite\",\"@id\":\"https:\/\/nexergroup.com\/br\/#website\",\"url\":\"https:\/\/nexergroup.com\/br\/\",\"name\":\"Nexer Group - Brasil\",\"description\":\"Nexer Enterprise Applications\",\"potentialAction\":[{\"@type\":\"SearchAction\",\"target\":{\"@type\":\"EntryPoint\",\"urlTemplate\":\"https:\/\/nexergroup.com\/br\/?s={search_term_string}\"},\"query-input\":{\"@type\":\"PropertyValueSpecification\",\"valueRequired\":true,\"valueName\":\"search_term_string\"}}],\"inLanguage\":\"en-US\"}]}<\/script>\n<!-- \/ Yoast SEO Premium plugin. -->","yoast_head_json":{"title":"Job not found - Nexer Group","robots":{"index":"index","follow":"follow","max-snippet":"max-snippet:-1","max-image-preview":"max-image-preview:large","max-video-preview":"max-video-preview:-1"},"og_locale":"en_US","og_type":"article","og_title":"Job not found - Nexer Group","og_site_name":"Nexer Group - Brasil","article_modified_time":"2025-12-09T11:05:01+00:00","twitter_card":"summary_large_image","twitter_misc":{"Est. reading time":"2 minutes"},"schema":{"@context":"https:\/\/schema.org","@graph":[{"@type":"WebPage","@id":"https:\/\/nexergroup.com\/br\/cookie-policy\/","url":"https:\/\/nexergroup.com\/br\/cookie-policy\/","name":"Cookie Policy - Nexer Group - Brasil","isPartOf":{"@id":"https:\/\/nexergroup.com\/br\/#website"},"datePublished":"2024-03-13T22:19:52+00:00","dateModified":"2025-12-09T11:05:01+00:00","description":"POL\u00cdTICA DE COOKIES","inLanguage":"en-US","potentialAction":[{"@type":"ReadAction","target":["https:\/\/nexergroup.com\/br\/cookie-policy\/"]}]},{"@type":"WebSite","@id":"https:\/\/nexergroup.com\/br\/#website","url":"https:\/\/nexergroup.com\/br\/","name":"Nexer Group - Brasil","description":"Nexer Enterprise Applications","potentialAction":[{"@type":"SearchAction","target":{"@type":"EntryPoint","urlTemplate":"https:\/\/nexergroup.com\/br\/?s={search_term_string}"},"query-input":{"@type":"PropertyValueSpecification","valueRequired":true,"valueName":"search_term_string"}}],"inLanguage":"en-US"}]}},"lang":"pt","translations":{"pt":101375,"en":104361},"pll_sync_post":[],"_links":{"self":[{"href":"https:\/\/nexergroup.com\/br\/wp-json\/wp\/v2\/pages\/101375","targetHints":{"allow":["GET"]}}],"collection":[{"href":"https:\/\/nexergroup.com\/br\/wp-json\/wp\/v2\/pages"}],"about":[{"href":"https:\/\/nexergroup.com\/br\/wp-json\/wp\/v2\/types\/page"}],"author":[{"embeddable":true,"href":"https:\/\/nexergroup.com\/br\/wp-json\/wp\/v2\/users\/71"}],"replies":[{"embeddable":true,"href":"https:\/\/nexergroup.com\/br\/wp-json\/wp\/v2\/comments?post=101375"}],"version-history":[{"count":7,"href":"https:\/\/nexergroup.com\/br\/wp-json\/wp\/v2\/pages\/101375\/revisions"}],"predecessor-version":[{"id":107880,"href":"https:\/\/nexergroup.com\/br\/wp-json\/wp\/v2\/pages\/101375\/revisions\/107880"}],"wp:attachment":[{"href":"https:\/\/nexergroup.com\/br\/wp-json\/wp\/v2\/media?parent=101375"}],"wp:term":[{"taxonomy":"category","embeddable":true,"href":"https:\/\/nexergroup.com\/br\/wp-json\/wp\/v2\/categories?post=101375"}],"curies":[{"name":"wp","href":"https:\/\/api.w.org\/{rel}","templated":true}]}}